{"id":2520,"date":"2022-02-09T14:35:57","date_gmt":"2022-02-09T12:35:57","guid":{"rendered":"https:\/\/globalgrowth.group\/services\/"},"modified":"2022-02-09T14:35:59","modified_gmt":"2022-02-09T12:35:59","slug":"services","status":"publish","type":"page","link":"https:\/\/globalgrowth.group\/it\/services\/","title":{"rendered":"Services"},"content":{"rendered":"<p>[et_pb_section fb_built=&#8221;1&#8243; custom_padding_last_edited=&#8221;on|phone&#8221; _builder_version=&#8221;4.13.1&#8243; _module_preset=&#8221;default&#8221; custom_padding_tablet=&#8221;&#8221; custom_padding_phone=&#8221;1px||1px||false|false&#8221; global_colors_info=&#8221;{}&#8221;][et_pb_row column_structure=&#8221;2_5,3_5&#8243; use_custom_gutter=&#8221;on&#8221; gutter_width=&#8221;1&#8243; make_equal=&#8221;on&#8221; _builder_version=&#8221;4.14.1&#8243; _module_preset=&#8221;default&#8221; locked=&#8221;off&#8221; global_colors_info=&#8221;{}&#8221;][et_pb_column type=&#8221;2_5&#8243; _builder_version=&#8221;4.13.1&#8243; _module_preset=&#8221;default&#8221; custom_padding=&#8221;||||false|false&#8221; custom_css_main_element=&#8221;margin: auto;&#8221; global_colors_info=&#8221;{}&#8221;][et_pb_text _builder_version=&#8221;4.13.1&#8243; _module_preset=&#8221;default&#8221; custom_margin=&#8221;||20px||false|false&#8221; custom_padding_tablet=&#8221;||||false|false&#8221; custom_padding_last_edited=&#8221;off|tablet&#8221; animation_style=&#8221;slide&#8221; animation_direction=&#8221;bottom&#8221; animation_intensity_slide=&#8221;30%&#8221; global_colors_info=&#8221;{}&#8221;]<\/p>\n<h2>Team Up, Grow Global!<\/h2>\n<p>[\/et_pb_text][\/et_pb_column][et_pb_column type=&#8221;3_5&#8243; _builder_version=&#8221;4.12.0&#8243; _module_preset=&#8221;default&#8221; global_colors_info=&#8221;{}&#8221;][et_pb_text _builder_version=&#8221;4.12.0&#8243; _module_preset=&#8221;default&#8221; animation_style=&#8221;slide&#8221; animation_direction=&#8221;bottom&#8221; animation_intensity_slide=&#8221;30%&#8221; global_colors_info=&#8221;{}&#8221;]<\/p>\n<p>I nostri produttori locali devono affrontare innumerevoli sfide per riuscire a posizionarsi sui mercati internazionali.<\/p>\n<p>Il nostro obiettivo \u00e8 consentire loro di crescere a livello globale, evitando insidie e difficolt\u00e0 inutili. Il supporto e la competenza che offriamo loro e` costante in ogni fase e in qualsiasi situazione che possa presentarsi.<\/p>\n<p>Un&#8217;azienda moderna, per crescere al di sopra della concorrenza, ha bisogno di praticare nuove strategie. Applicando concetti e metodi di \u201cDesign thinking\u201d troviamo modi innovativi per posizionare i prodotti, sviluppando un prodotto nuovo e fresco.<\/p>\n<p>Adottiamo un approccio pratico. Visitiamo periodicamente i nostri clienti e i loro mercati di riferimento. Comprendere i nostri produttori\/clienti ed il consumatore \u00e8 la chiave per sviluppare soluzioni convenienti e soddisfacenti.<\/p>\n<p>[\/et_pb_text][\/et_pb_column][\/et_pb_row][\/et_pb_section][et_pb_section fb_built=&#8221;1&#8243; custom_padding_last_edited=&#8221;on|desktop&#8221; _builder_version=&#8221;4.14.1&#8243; _module_preset=&#8221;default&#8221; custom_padding=&#8221;0px||0px||false|false&#8221; custom_padding_tablet=&#8221;0px||0px||false|false&#8221; custom_padding_phone=&#8221;&#8221; global_colors_info=&#8221;{}&#8221;][et_pb_row column_structure=&#8221;1_4,1_4,1_4,1_4&#8243; use_custom_gutter=&#8221;on&#8221; gutter_width=&#8221;2&#8243; disabled_on=&#8221;on|off|off&#8221; _builder_version=&#8221;4.14.1&#8243; _module_preset=&#8221;default&#8221; width=&#8221;85%&#8221; max_width=&#8221;1134px&#8221; locked=&#8221;off&#8221; global_colors_info=&#8221;{}&#8221;][et_pb_column type=&#8221;1_4&#8243; _builder_version=&#8221;4.14.1&#8243; _module_preset=&#8221;default&#8221; background_color=&#8221;#FFFFFF&#8221; custom_padding=&#8221;15px|15px|15px|15px|true|true&#8221; animation_style=&#8221;slide&#8221; animation_direction=&#8221;bottom&#8221; animation_intensity_slide=&#8221;30%&#8221; box_shadow_style=&#8221;preset1&#8243; box_shadow_blur=&#8221;6px&#8221; global_colors_info=&#8221;{}&#8221;][et_pb_text _builder_version=&#8221;4.14.1&#8243; _module_preset=&#8221;default&#8221; animation_direction=&#8221;bottom&#8221; global_colors_info=&#8221;{}&#8221;]<\/p>\n<h4>Valore aggiunto<\/h4>\n<p>Studiare il mercato e le sue peculiarit\u00e0, permette di trovare il valore nascosto del tuo prodotto.<\/p>\n<p>Una semplice caratteristica o peculiarita` pu\u00f2 rivelarsi come un grande vantaggio per il cliente.<\/p>\n<p>[\/et_pb_text][\/et_pb_column][et_pb_column type=&#8221;1_4&#8243; _builder_version=&#8221;4.14.1&#8243; _module_preset=&#8221;default&#8221; background_color=&#8221;#FFFFFF&#8221; custom_padding=&#8221;15px|15px|15px|15px|true|true&#8221; animation_style=&#8221;slide&#8221; animation_direction=&#8221;bottom&#8221; animation_delay=&#8221;100ms&#8221; animation_intensity_slide=&#8221;30%&#8221; box_shadow_style=&#8221;preset1&#8243; box_shadow_blur=&#8221;6px&#8221; global_colors_info=&#8221;{}&#8221;][et_pb_text _builder_version=&#8221;4.13.1&#8243; _module_preset=&#8221;default&#8221; animation_direction=&#8221;bottom&#8221; global_colors_info=&#8221;{}&#8221;]<\/p>\n<h4>Organizzazione logistica<\/h4>\n<p>Crescere a livello internazionale pu\u00f2 far s\u00ec che i piccoli problemi organizzativi diventino seri problemi.<\/p>\n<p>Risolverli in anticipo \u00e8 l&#8217;unico modo per evitarli.<\/p>\n<p>[\/et_pb_text][\/et_pb_column][et_pb_column type=&#8221;1_4&#8243; _builder_version=&#8221;4.14.1&#8243; _module_preset=&#8221;default&#8221; background_color=&#8221;#FFFFFF&#8221; custom_padding=&#8221;15px|15px|15px|15px|true|true&#8221; animation_style=&#8221;slide&#8221; animation_direction=&#8221;bottom&#8221; animation_delay=&#8221;200ms&#8221; animation_intensity_slide=&#8221;30%&#8221; box_shadow_style=&#8221;preset1&#8243; box_shadow_blur=&#8221;6px&#8221; global_colors_info=&#8221;{}&#8221;][et_pb_text _builder_version=&#8221;4.13.1&#8243; _module_preset=&#8221;default&#8221; animation_direction=&#8221;bottom&#8221; global_colors_info=&#8221;{}&#8221;]<\/p>\n<h4>Certificazioni<\/h4>\n<p><span>Su scala globale, le certificazioni sono l&#8217;unica garanzia per la qualit\u00e0 del prodotto<\/span><span>.<\/span><\/p>\n<p><span>Il nostro team pu\u00f2 aiutarti a trovare e ottenere le piu` adatte certificazioni per i tuoi prodotti.<\/span><\/p>\n<p>[\/et_pb_text][\/et_pb_column][et_pb_column type=&#8221;1_4&#8243; _builder_version=&#8221;4.14.1&#8243; _module_preset=&#8221;default&#8221; background_color=&#8221;#FFFFFF&#8221; custom_padding=&#8221;15px|15px|15px|15px|true|true&#8221; animation_style=&#8221;slide&#8221; animation_direction=&#8221;bottom&#8221; animation_delay=&#8221;300ms&#8221; animation_intensity_slide=&#8221;30%&#8221; box_shadow_style=&#8221;preset1&#8243; box_shadow_blur=&#8221;6px&#8221; global_colors_info=&#8221;{}&#8221;][et_pb_text _builder_version=&#8221;4.13.1&#8243; _module_preset=&#8221;default&#8221; animation_direction=&#8221;bottom&#8221; global_colors_info=&#8221;{}&#8221;]<\/p>\n<h4>Esportazioni<\/h4>\n<p><span>Le imprese locali hanno difficolt\u00e0 a conoscere le specificit\u00e0 dei mercati esteri , possono perdere opportunit\u00e0 ed non ponderare correttamente i rischi presenti.<\/span><\/p>\n<p><span style=\"font-size: 16px;font-style: inherit\">Possiamo aiutarli usando la nostra esperienza e le relazioni costruite nel corso degli anni sl mercato internazionale.<\/span><\/p>\n<p>[\/et_pb_text][\/et_pb_column][\/et_pb_row][et_pb_row disabled_on=&#8221;off|on|on&#8221; _builder_version=&#8221;4.14.1&#8243; _module_preset=&#8221;default&#8221; global_colors_info=&#8221;{}&#8221;][et_pb_column type=&#8221;4_4&#8243; _builder_version=&#8221;4.14.1&#8243; _module_preset=&#8221;default&#8221; global_colors_info=&#8221;{}&#8221;][et_pb_accordion open_toggle_background_color=&#8221;#FFFFFF&#8221; closed_toggle_background_color=&#8221;#FFFFFF&#8221; toggle_icon=&#8221;&#x33;||divi||400&#8243; use_icon_font_size=&#8221;on&#8221; icon_font_size=&#8221;28px&#8221; _builder_version=&#8221;4.14.2&#8243; _module_preset=&#8221;default&#8221; toggle_level=&#8221;h4&#8243; body_font=&#8221;Noto Sans||||||||&#8221; body_font_size=&#8221;16px&#8221; border_width_all=&#8221;0px&#8221; box_shadow_style=&#8221;preset1&#8243; box_shadow_blur=&#8221;6px&#8221; global_colors_info=&#8221;{}&#8221;][et_pb_accordion_item title=&#8221;Valore aggiunto&#8221; open=&#8221;on&#8221; _builder_version=&#8221;4.14.1&#8243; _module_preset=&#8221;default&#8221; global_colors_info=&#8221;{}&#8221; toggle_level=&#8221;h3&#8243;]<\/p>\n<p>Studiare il mercato e le sue peculiarit\u00e0, permette di trovare il valore nascosto del tuo prodotto.<\/p>\n<p>Una semplice caratteristica o peculiarita` pu\u00f2 rivelarsi come un grande vantaggio per il cliente.<\/p>\n<p>[\/et_pb_accordion_item][et_pb_accordion_item title=&#8221;Organizzazione logistica&#8221; _builder_version=&#8221;4.14.1&#8243; _module_preset=&#8221;default&#8221; global_colors_info=&#8221;{}&#8221; open=&#8221;off&#8221;]<\/p>\n<p>Crescere a livello internazionale pu\u00f2 far s\u00ec che i piccoli problemi organizzativi diventino seri problemi.<\/p>\n<p>Risolverli in anticipo \u00e8 l&#8217;unico modo per evitarli.<\/p>\n<p>[\/et_pb_accordion_item][et_pb_accordion_item title=&#8221;Certificazioni&#8221; _builder_version=&#8221;4.14.1&#8243; _module_preset=&#8221;default&#8221; global_colors_info=&#8221;{}&#8221; open=&#8221;off&#8221;]<\/p>\n<p><span>Su scala globale, le certificazioni sono l&#8217;unica garanzia per la qualit\u00e0 del prodotto<\/span><span>.<\/span><\/p>\n<p><span>Il nostro team pu\u00f2 aiutarti a trovare e ottenere le piu` adatte certificazioni per i tuoi prodotti.<\/span><\/p>\n<p>[\/et_pb_accordion_item][et_pb_accordion_item title=&#8221;Esportazioni&#8221; _builder_version=&#8221;4.14.2&#8243; _module_preset=&#8221;default&#8221; global_colors_info=&#8221;{}&#8221; open=&#8221;off&#8221;]<\/p>\n<p>Le imprese locali hanno difficolt\u00e0 a conoscere le specificit\u00e0 dei mercati esteri , possono perdere opportunit\u00e0 ed non ponderare correttamente i rischi presenti.<\/p>\n<p>Possiamo aiutarli usando la nostra esperienza e le relazioni costruite nel corso degli anni sl mercato internazionale.<\/p>\n<p>[\/et_pb_accordion_item][\/et_pb_accordion][\/et_pb_column][\/et_pb_row][\/et_pb_section][et_pb_section fb_built=&#8221;1&#8243; disabled_on=&#8221;off|on|on&#8221; _builder_version=&#8221;4.14.1&#8243; _module_preset=&#8221;default&#8221; custom_padding=&#8221;0px||0px||true|false&#8221; global_colors_info=&#8221;{}&#8221;][et_pb_row _builder_version=&#8221;4.14.1&#8243; _module_preset=&#8221;default&#8221; global_colors_info=&#8221;{}&#8221;][et_pb_column type=&#8221;4_4&#8243; _builder_version=&#8221;4.14.1&#8243; _module_preset=&#8221;default&#8221; global_colors_info=&#8221;{}&#8221;][et_pb_image src=&#8221;https:\/\/globalgrowth.group\/wp-content\/uploads\/2021\/11\/LogoGlobalGrowthGroup.png&#8221; title_text=&#8221;Global Growth Group Logo&#8221; align=&#8221;center&#8221; _builder_version=&#8221;4.14.1&#8243; _module_preset=&#8221;default&#8221; width=&#8221;60vw&#8221; custom_padding=&#8221;0px||0px||true|false&#8221; global_colors_info=&#8221;{}&#8221;][\/et_pb_image][\/et_pb_column][\/et_pb_row][\/et_pb_section][et_pb_section fb_built=&#8221;1&#8243; custom_padding_last_edited=&#8221;on|tablet&#8221; _builder_version=&#8221;4.14.1&#8243; _module_preset=&#8221;default&#8221; custom_padding_tablet=&#8221;0px||||false|false&#8221; custom_padding_phone=&#8221;0px||||false|false&#8221; global_colors_info=&#8221;{}&#8221;][et_pb_row column_structure=&#8221;1_3,2_3&#8243; use_custom_gutter=&#8221;on&#8221; gutter_width=&#8221;1&#8243; disabled_on=&#8221;on|off|off&#8221; _builder_version=&#8221;4.14.1&#8243; _module_preset=&#8221;default&#8221; global_colors_info=&#8221;{}&#8221;][et_pb_column type=&#8221;1_3&#8243; _builder_version=&#8221;4.13.0&#8243; _module_preset=&#8221;default&#8221; global_colors_info=&#8221;{}&#8221;][et_pb_text _builder_version=&#8221;4.13.0&#8243; _module_preset=&#8221;default&#8221; animation_style=&#8221;slide&#8221; animation_direction=&#8221;left&#8221; animation_intensity_slide=&#8221;30%&#8221; global_colors_info=&#8221;{}&#8221;]<\/p>\n<h4>Marketing digitale<\/h4>\n<p>[\/et_pb_text][\/et_pb_column][et_pb_column type=&#8221;2_3&#8243; _builder_version=&#8221;4.13.0&#8243; _module_preset=&#8221;default&#8221; global_colors_info=&#8221;{}&#8221;][et_pb_text _builder_version=&#8221;4.14.1&#8243; _module_preset=&#8221;default&#8221; animation_style=&#8221;slide&#8221; animation_direction=&#8221;bottom&#8221; animation_intensity_slide=&#8221;30%&#8221; global_colors_info=&#8221;{}&#8221;]<\/p>\n<p>Dove i metodi tradizionali fanno fatica, prevale il Digital Marketing.<\/p>\n<p>Oggi, \u00e8 il modo pi\u00f9 efficiente per un&#8217;azienda di promuovere i suoi prodotti su scala globale e non pu\u00f2 essere ignorato.<\/p>\n<p>[\/et_pb_text][\/et_pb_column][\/et_pb_row][et_pb_row column_structure=&#8221;1_3,2_3&#8243; use_custom_gutter=&#8221;on&#8221; gutter_width=&#8221;1&#8243; disabled_on=&#8221;on|off|off&#8221; _builder_version=&#8221;4.14.1&#8243; _module_preset=&#8221;default&#8221; custom_margin=&#8221;15px||||false|false&#8221; animation_direction=&#8221;bottom&#8221; global_colors_info=&#8221;{}&#8221;][et_pb_column type=&#8221;1_3&#8243; _builder_version=&#8221;4.13.0&#8243; _module_preset=&#8221;default&#8221; global_colors_info=&#8221;{}&#8221;][et_pb_text _builder_version=&#8221;4.13.0&#8243; _module_preset=&#8221;default&#8221; animation_style=&#8221;slide&#8221; animation_direction=&#8221;left&#8221; animation_intensity_slide=&#8221;30%&#8221; global_colors_info=&#8221;{}&#8221;]<\/p>\n<h4>Ricerca e sviluppo di nuovi prodotti<\/h4>\n<p>[\/et_pb_text][\/et_pb_column][et_pb_column type=&#8221;2_3&#8243; _builder_version=&#8221;4.13.0&#8243; _module_preset=&#8221;default&#8221; global_colors_info=&#8221;{}&#8221;][et_pb_text _builder_version=&#8221;4.13.0&#8243; _module_preset=&#8221;default&#8221; animation_style=&#8221;slide&#8221; animation_direction=&#8221;bottom&#8221; animation_intensity_slide=&#8221;30%&#8221; global_colors_info=&#8221;{}&#8221;]<\/p>\n<p>A volte quello che sembra essere un buon prodotto finisce per fallire. Forse era il prodotto giusto al momento sbagliato, o forse ci sono altre varianti in gioco.<\/p>\n<p>Scoprire i bisogni del mercato e sviluppare nuovi prodotti basati su questi bisogni fa risparmiare tempo e denaro.<\/p>\n<p>[\/et_pb_text][\/et_pb_column][\/et_pb_row][et_pb_row column_structure=&#8221;1_3,2_3&#8243; use_custom_gutter=&#8221;on&#8221; gutter_width=&#8221;1&#8243; disabled_on=&#8221;on|off|off&#8221; _builder_version=&#8221;4.14.1&#8243; _module_preset=&#8221;default&#8221; custom_margin=&#8221;15px||||false|false&#8221; animation_direction=&#8221;bottom&#8221; global_colors_info=&#8221;{}&#8221;][et_pb_column type=&#8221;1_3&#8243; _builder_version=&#8221;4.13.0&#8243; _module_preset=&#8221;default&#8221; global_colors_info=&#8221;{}&#8221;][et_pb_text _builder_version=&#8221;4.14.1&#8243; _module_preset=&#8221;default&#8221; animation_style=&#8221;slide&#8221; animation_direction=&#8221;left&#8221; animation_intensity_slide=&#8221;30%&#8221; global_colors_info=&#8221;{}&#8221;]<\/p>\n<h4>Ricerca di mercato<\/h4>\n<p>[\/et_pb_text][\/et_pb_column][et_pb_column type=&#8221;2_3&#8243; _builder_version=&#8221;4.13.0&#8243; _module_preset=&#8221;default&#8221; global_colors_info=&#8221;{}&#8221;][et_pb_text _builder_version=&#8221;4.13.0&#8243; _module_preset=&#8221;default&#8221; animation_style=&#8221;slide&#8221; animation_direction=&#8221;bottom&#8221; animation_intensity_slide=&#8221;30%&#8221; global_colors_info=&#8221;{}&#8221;]<\/p>\n<p>Trovare il cliente giusto \u00e8 importante quanto trovare il prodotto giusto. Su scala globale, un mercato di nicchia potrebbe essere l&#8217;occasione d&#8217;oro di cui un&#8217;azienda ha bisogno. Allo stesso tempo, entrare in un nuovo mercato sconosciuto \u00e8 un compito costoso, lungo e rischioso.<\/p>\n<p>Con la nostra ricerca possiamo identificare i rischi e le opportunit\u00e0 in anticipo, permettendoci di evitarli o capitalizzarli.<\/p>\n<p>[\/et_pb_text][\/et_pb_column][\/et_pb_row][et_pb_row disabled_on=&#8221;off|on|on&#8221; _builder_version=&#8221;4.14.1&#8243; _module_preset=&#8221;default&#8221; global_colors_info=&#8221;{}&#8221;][et_pb_column type=&#8221;4_4&#8243; _builder_version=&#8221;4.14.1&#8243; _module_preset=&#8221;default&#8221; global_colors_info=&#8221;{}&#8221;][et_pb_accordion open_toggle_background_color=&#8221;#FFFFFF&#8221; closed_toggle_background_color=&#8221;#FFFFFF&#8221; toggle_icon=&#8221;&#x33;||divi||400&#8243; use_icon_font_size=&#8221;on&#8221; icon_font_size=&#8221;28px&#8221; _builder_version=&#8221;4.14.1&#8243; _module_preset=&#8221;default&#8221; toggle_level=&#8221;h4&#8243; body_font=&#8221;Noto Sans||||||||&#8221; body_font_size=&#8221;16px&#8221; border_width_all=&#8221;0px&#8221; box_shadow_style=&#8221;preset1&#8243; box_shadow_blur=&#8221;6px&#8221; global_colors_info=&#8221;{}&#8221;][et_pb_accordion_item title=&#8221;Marketing digitale&#8221; open=&#8221;on&#8221; _builder_version=&#8221;4.14.1&#8243; _module_preset=&#8221;default&#8221; global_colors_info=&#8221;{}&#8221;]<\/p>\n<p>Dove i metodi tradizionali fanno fatica, prevale il Digital Marketing.<\/p>\n<p>Oggi, \u00e8 il modo pi\u00f9 efficiente per un&#8217;azienda di promuovere i suoi prodotti su scala globale e non pu\u00f2 essere ignorato.<\/p>\n<p>[\/et_pb_accordion_item][et_pb_accordion_item title=&#8221;Ricerca e sviluppo di nuovi prodotti&#8221; _builder_version=&#8221;4.14.1&#8243; _module_preset=&#8221;default&#8221; global_colors_info=&#8221;{}&#8221; open=&#8221;off&#8221;]<\/p>\n<p>A volte quello che sembra essere un buon prodotto finisce per fallire. Forse era il prodotto giusto al momento sbagliato, o forse ci sono altre varianti in gioco.<\/p>\n<p>Scoprire i bisogni del mercato e sviluppare nuovi prodotti basati su questi bisogni fa risparmiare tempo e denaro.<\/p>\n<p>[\/et_pb_accordion_item][et_pb_accordion_item title=&#8221;Ricerca di mercato&#8221; _builder_version=&#8221;4.14.1&#8243; _module_preset=&#8221;default&#8221; global_colors_info=&#8221;{}&#8221; open=&#8221;off&#8221;]<\/p>\n<p>Trovare il cliente giusto \u00e8 importante quanto trovare il prodotto giusto. Su scala globale, un mercato di nicchia potrebbe essere l&#8217;occasione d&#8217;oro di cui un&#8217;azienda ha bisogno. Allo stesso tempo, entrare in un nuovo mercato sconosciuto \u00e8 un compito costoso, lungo e rischioso.<\/p>\n<p>Con la nostra ricerca possiamo identificare i rischi e le opportunit\u00e0 in anticipo, permettendoci di evitarli o capitalizzarli.<\/p>\n<p>[\/et_pb_accordion_item][\/et_pb_accordion][\/et_pb_column][\/et_pb_row][\/et_pb_section][et_pb_section fb_built=&#8221;1&#8243; _builder_version=&#8221;4.13.1&#8243; _module_preset=&#8221;default&#8221; custom_padding=&#8221;0px||||false|false&#8221; locked=&#8221;off&#8221; global_colors_info=&#8221;{}&#8221;][et_pb_row _builder_version=&#8221;4.13.1&#8243; _module_preset=&#8221;default&#8221; background_enable_color=&#8221;off&#8221; custom_padding=&#8221;0px||||false|false&#8221; global_colors_info=&#8221;{}&#8221;][et_pb_column type=&#8221;4_4&#8243; _builder_version=&#8221;4.12.0&#8243; _module_preset=&#8221;default&#8221; global_colors_info=&#8221;{}&#8221;][et_pb_text _builder_version=&#8221;4.12.0&#8243; _module_preset=&#8221;default&#8221; header_3_text_align=&#8221;center&#8221; header_5_font=&#8221;Noto Serif||||||||&#8221; header_5_text_align=&#8221;center&#8221; custom_margin=&#8221;||0px||false|false&#8221; locked=&#8221;off&#8221; global_colors_info=&#8221;{}&#8221; custom_padding__hover_enabled=&#8221;off|desktop&#8221;]<\/p>\n<h3 style=\"text-align: center\">\u00c8 il momento di Crescere Globale&#8230;<\/h3>\n<p>[\/et_pb_text][et_pb_button button_url=&#8221;@ET-DC@eyJkeW5hbWljIjp0cnVlLCJjb250ZW50IjoicG9zdF9saW5rX3VybF9wYWdlIiwic2V0dGluZ3MiOnsicG9zdF9pZCI6IjgxNyJ9fQ==@&#8221; button_text=&#8221;Facciamo squadra allora!&#8221; button_alignment=&#8221;center&#8221; _builder_version=&#8221;4.14.1&#8243; _dynamic_attributes=&#8221;button_url&#8221; _module_preset=&#8221;default&#8221; custom_button=&#8221;on&#8221; button_text_size=&#8221;30px&#8221; button_text_color=&#8221;#FFFFFF&#8221; button_bg_color=&#8221;#3f703c&#8221; button_border_radius=&#8221;100px&#8221; button_letter_spacing=&#8221;1px&#8221; button_font=&#8221;Noto Serif|700|on||||||&#8221; button_icon=&#8221;&#x35;||divi||400&#8243; button_on_hover=&#8221;off&#8221; custom_padding=&#8221;|55px||40px|false|false&#8221; animation_style=&#8221;slide&#8221; animation_intensity_slide=&#8221;10%&#8221; box_shadow_style=&#8221;preset1&#8243; box_shadow_blur=&#8221;4px&#8221; global_colors_info=&#8221;{}&#8221; button_letter_spacing__hover_enabled=&#8221;off|desktop&#8221; button_letter_spacing__hover=&#8221;2px&#8221; button_text_size__hover_enabled=&#8221;off|desktop&#8221; button_text_size__hover=&#8221;32px&#8221; box_shadow_blur__hover=&#8221;12px&#8221; box_shadow_blur__hover_enabled=&#8221;on|hover&#8221;][\/et_pb_button][\/et_pb_column][\/et_pb_row][\/et_pb_section]<\/p>\n","protected":false},"excerpt":{"rendered":"<p>Team Up, Grow Global!I nostri produttori locali devono affrontare innumerevoli sfide per riuscire a posizionarsi sui mercati internazionali. Il nostro obiettivo \u00e8 consentire loro di crescere a livello globale, evitando insidie e difficolt\u00e0 inutili. Il supporto e la competenza che offriamo loro e` costante in ogni fase e in qualsiasi situazione che possa presentarsi. Un&#8217;azienda [&hellip;]<\/p>\n","protected":false},"author":5,"featured_media":0,"parent":0,"menu_order":0,"comment_status":"closed","ping_status":"closed","template":"","meta":{"_et_pb_use_builder":"on","_et_pb_old_content":"","_et_gb_content_width":"","footnotes":"","_joinchat":[]},"_links":{"self":[{"href":"https:\/\/globalgrowth.group\/it\/wp-json\/wp\/v2\/pages\/2520"}],"collection":[{"href":"https:\/\/globalgrowth.group\/it\/wp-json\/wp\/v2\/pages"}],"about":[{"href":"https:\/\/globalgrowth.group\/it\/wp-json\/wp\/v2\/types\/page"}],"author":[{"embeddable":true,"href":"https:\/\/globalgrowth.group\/it\/wp-json\/wp\/v2\/users\/5"}],"replies":[{"embeddable":true,"href":"https:\/\/globalgrowth.group\/it\/wp-json\/wp\/v2\/comments?post=2520"}],"version-history":[{"count":3,"href":"https:\/\/globalgrowth.group\/it\/wp-json\/wp\/v2\/pages\/2520\/revisions"}],"predecessor-version":[{"id":2523,"href":"https:\/\/globalgrowth.group\/it\/wp-json\/wp\/v2\/pages\/2520\/revisions\/2523"}],"wp:attachment":[{"href":"https:\/\/globalgrowth.group\/it\/wp-json\/wp\/v2\/media?parent=2520"}],"curies":[{"name":"wp","href":"https:\/\/api.w.org\/{rel}","templated":true}]}}