{"id":2508,"date":"2022-02-09T14:08:24","date_gmt":"2022-02-09T12:08:24","guid":{"rendered":"https:\/\/globalgrowth.group\/vini\/"},"modified":"2022-02-09T16:25:25","modified_gmt":"2022-02-09T14:25:25","slug":"vini","status":"publish","type":"page","link":"https:\/\/globalgrowth.group\/it\/vini\/","title":{"rendered":"Vini"},"content":{"rendered":"<p>[et_pb_section fb_built=&#8221;1&#8243; custom_padding_last_edited=&#8221;on|phone&#8221; admin_label=&#8221;Mission&#8221; _builder_version=&#8221;4.13.1&#8243; _module_preset=&#8221;default&#8221; custom_padding_tablet=&#8221;&#8221; custom_padding_phone=&#8221;1px||0px||false|false&#8221; locked=&#8221;off&#8221; global_colors_info=&#8221;{}&#8221;][et_pb_row _builder_version=&#8221;4.11.4&#8243; _module_preset=&#8221;default&#8221; global_colors_info=&#8221;{}&#8221;][et_pb_column type=&#8221;4_4&#8243; _builder_version=&#8221;4.11.4&#8243; _module_preset=&#8221;default&#8221; global_colors_info=&#8221;{}&#8221;][et_pb_text _builder_version=&#8221;4.11.4&#8243; _module_preset=&#8221;default&#8221; global_colors_info=&#8221;{}&#8221;]<\/p>\n<h1>Vini<\/h1>\n<p>I nostri vini hanno le loro storie da raccontare. Storie di tradizione e buon gusto.<\/p>\n<p>[\/et_pb_text][\/et_pb_column][\/et_pb_row][et_pb_row column_structure=&#8221;1_2,1_2&#8243; custom_padding_last_edited=&#8221;on|tablet&#8221; _builder_version=&#8221;4.14.1&#8243; _module_preset=&#8221;default&#8221; custom_padding=&#8221;70px||||false|false&#8221; custom_padding_tablet=&#8221;0px||0px||false|false&#8221; custom_padding_phone=&#8221;0px||0px||false|false&#8221; global_colors_info=&#8221;{}&#8221;][et_pb_column type=&#8221;1_2&#8243; _builder_version=&#8221;4.14.1&#8243; _module_preset=&#8221;default&#8221; background_color=&#8221;#92140c&#8221; transform_rotate=&#8221;0deg|0deg|2deg&#8221; animation_style=&#8221;slide&#8221; animation_direction=&#8221;left&#8221; animation_intensity_slide=&#8221;30%&#8221; box_shadow_style=&#8221;preset1&#8243; box_shadow_blur=&#8221;6px&#8221; global_colors_info=&#8221;{}&#8221; custom_css_main_element_last_edited=&#8221;off|desktop&#8221; custom_css_main_element_tablet=&#8221;margin-top: 0px;&#8221; custom_css_main_element_phone=&#8221;margin-top: 0px;&#8221;][et_pb_image src=&#8221;https:\/\/globalgrowth.group\/wp-content\/uploads\/2021\/11\/monembasia.jpg&#8221; title_text=&#8221;monembasia&#8221; _builder_version=&#8221;4.13.1&#8243; _module_preset=&#8221;default&#8221; transform_rotate=&#8221;0deg|0deg|-2deg&#8221; custom_padding=&#8221;2px|2px|2px|2px|true|true&#8221; box_shadow_style=&#8221;preset1&#8243; box_shadow_blur=&#8221;12px&#8221; global_colors_info=&#8221;{}&#8221;][\/et_pb_image][\/et_pb_column][et_pb_column type=&#8221;1_2&#8243; _builder_version=&#8221;4.11.4&#8243; _module_preset=&#8221;default&#8221; global_colors_info=&#8221;{}&#8221;][et_pb_text _builder_version=&#8221;4.13.1&#8243; _module_preset=&#8221;default&#8221; custom_margin=&#8221;-70px||||false|false&#8221; custom_margin_tablet=&#8221;0px||||false|false&#8221; custom_margin_phone=&#8221;0px||||false|false&#8221; custom_margin_last_edited=&#8221;on|tablet&#8221; global_colors_info=&#8221;{}&#8221;]<\/p>\n<h2>Il vino perduto della Malvasia<\/h2>\n<p>Gi\u00e0 nel Medioevo, i mercanti veneziani amavano il commercio di questo vino Malvasia cos\u00ec tanto che le enoteche mercantili a Venezia erano conosciute come <em>malvasie<\/em>. Ancora oggi ci sono diverse cantine che producono le proprie variet\u00e0 di Malvasia.<\/p>\n<h4>Ma da dove viene questo famoso vino?<\/h4>\n<p>Malvasia \u00e8 il nome italiano di Monemvasia, fortezza bizantina e, all&#8217;epoca, importante snodo commerciale. \u00c8 qui che si produsse per la prima volta il vino Monemvasian o Malvasian, risalente addirittura a prima del XIII secolo.<\/p>\n<p>Il vino malvasiano continu\u00f2 a essere prodotto a Monemvasia fino al dominio ottomano nel XVI secolo. I vigneti sono stati distrutti, con conseguente cessazione della produzione.<\/p>\n<p>Il metodo preciso di come veniva prodotto il vino Monemvasian, \u00e8 andato perduto.<\/p>\n<p><span style=\"background-color: #ffffff;font-size: 16px;font-style: inherit\"><\/span><\/p>\n<p>[\/et_pb_text][\/et_pb_column][\/et_pb_row][et_pb_row column_structure=&#8221;2_5,3_5&#8243; disabled_on=&#8221;off|off|on&#8221; _builder_version=&#8221;4.14.1&#8243; _module_preset=&#8221;default&#8221; custom_margin=&#8221;0px||||false|false&#8221; custom_padding=&#8221;0px||||false|false&#8221; global_colors_info=&#8221;{}&#8221;][et_pb_column type=&#8221;2_5&#8243; _builder_version=&#8221;4.14.1&#8243; _module_preset=&#8221;default&#8221; background_color=&#8221;#92140c&#8221; transform_rotate=&#8221;0deg|0deg|-1deg&#8221; custom_padding=&#8221;2px|2px|2px|2px|true|true&#8221; animation_style=&#8221;slide&#8221; animation_direction=&#8221;left&#8221; animation_intensity_slide=&#8221;30%&#8221; box_shadow_style=&#8221;preset1&#8243; box_shadow_blur=&#8221;6px&#8221; global_colors_info=&#8221;{}&#8221;][et_pb_image src=&#8221;https:\/\/globalgrowth.group\/wp-content\/uploads\/2021\/10\/malvasia-project.jpg&#8221; title_text=&#8221;malvasia-project&#8221; _builder_version=&#8221;4.13.1&#8243; _module_preset=&#8221;default&#8221; transform_rotate=&#8221;0deg|0deg|2deg&#8221; box_shadow_style=&#8221;preset1&#8243; box_shadow_blur=&#8221;12px&#8221; global_colors_info=&#8221;{}&#8221;][\/et_pb_image][\/et_pb_column][et_pb_column type=&#8221;3_5&#8243; _builder_version=&#8221;4.11.4&#8243; _module_preset=&#8221;default&#8221; global_colors_info=&#8221;{}&#8221;][et_pb_text _builder_version=&#8221;4.13.1&#8243; _module_preset=&#8221;default&#8221; custom_margin=&#8221;40px||||false|false&#8221; custom_margin_tablet=&#8221;0px||||false|false&#8221; custom_margin_phone=&#8221;0px||||false|false&#8221; custom_margin_last_edited=&#8221;on|phone&#8221; global_colors_info=&#8221;{}&#8221;]<\/p>\n<h4>Ricreare il vino Malvasia Monemvasiano<\/h4>\n<p>Mentre il metodo \u00e8 stato perso, le sue tracce sono rimaste.<\/p>\n<p>Utilizzando la tecnologia moderna e le radici storiche, l&#8217;azienda vinicola Monemvasia Tsimbidi era determinata a recuperare i segreti della creazione per produrre di nuovo questo vino.<\/p>\n<h4>Dodici anni di ricerca<\/h4>\n<p>Dodici anni di ricerca sono stati necessari per studiare e sperimentare 14 vitigni locali e diversi metodi di produzione.<\/p>\n<p>I risultati, tuttavia, hanno ripagato lo sforzo. Nel 2010 il vino Monemvasia-Malvasia \u00e8 stato riconosciuto come prodotto DOP.<\/p>\n<p>Oggi, il vino ha ottenuto oltre 60 medaglie e riconoscimenti in concorsi internazionali, insieme ad altri vini premiati della Monemvasia Winery.<\/p>\n<p>&nbsp;<\/p>\n<p>[\/et_pb_text][\/et_pb_column][\/et_pb_row][et_pb_row column_structure=&#8221;3_5,2_5&#8243; disabled_on=&#8221;on|on|off&#8221; _builder_version=&#8221;4.14.1&#8243; _module_preset=&#8221;default&#8221; custom_margin=&#8221;0px||||false|false&#8221; custom_padding=&#8221;0px||||false|false&#8221; global_colors_info=&#8221;{}&#8221;][et_pb_column type=&#8221;3_5&#8243; _builder_version=&#8221;4.11.4&#8243; _module_preset=&#8221;default&#8221; global_colors_info=&#8221;{}&#8221;][et_pb_text _builder_version=&#8221;4.13.1&#8243; _module_preset=&#8221;default&#8221; custom_margin=&#8221;40px||||false|false&#8221; custom_margin_tablet=&#8221;0px||||false|false&#8221; custom_margin_phone=&#8221;0px||||false|false&#8221; custom_margin_last_edited=&#8221;on|phone&#8221; global_colors_info=&#8221;{}&#8221;]<\/p>\n<h4>Ricreare il vino Malvasia Monemvasiano<\/h4>\n<p>Mentre il metodo \u00e8 stato perso, le sue tracce sono rimaste.<\/p>\n<p>Utilizzando la tecnologia moderna e le radici storiche, l&#8217;azienda vinicola Monemvasia Tsimbidi era determinata a recuperare i segreti della creazione per produrre di nuovo questo vino.<\/p>\n<h4>Dodici anni di ricerca<\/h4>\n<p>Dodici anni di ricerca sono stati necessari per studiare e sperimentare 14 vitigni locali e diversi metodi di produzione.<\/p>\n<p>I risultati, tuttavia, hanno ripagato lo sforzo. Nel 2010 il vino Monemvasia-Malvasia \u00e8 stato riconosciuto come prodotto DOP.<\/p>\n<p>Oggi, il vino ha ottenuto oltre 60 medaglie e riconoscimenti in concorsi internazionali, insieme ad altri vini premiati della Monemvasia Winery.<\/p>\n<p>&nbsp;<\/p>\n<p>[\/et_pb_text][\/et_pb_column][et_pb_column type=&#8221;2_5&#8243; _builder_version=&#8221;4.14.1&#8243; _module_preset=&#8221;default&#8221; background_color=&#8221;#92140c&#8221; transform_rotate=&#8221;0deg|0deg|-1deg&#8221; custom_padding=&#8221;2px|2px|2px|2px|true|true&#8221; animation_style=&#8221;slide&#8221; animation_direction=&#8221;right&#8221; animation_intensity_slide=&#8221;30%&#8221; box_shadow_style=&#8221;preset1&#8243; box_shadow_blur=&#8221;6px&#8221; global_colors_info=&#8221;{}&#8221;][et_pb_image src=&#8221;https:\/\/globalgrowth.group\/wp-content\/uploads\/2021\/10\/malvasia-project.jpg&#8221; title_text=&#8221;malvasia-project&#8221; _builder_version=&#8221;4.13.1&#8243; _module_preset=&#8221;default&#8221; transform_rotate=&#8221;0deg|0deg|2deg&#8221; box_shadow_style=&#8221;preset1&#8243; box_shadow_blur=&#8221;12px&#8221; global_colors_info=&#8221;{}&#8221;][\/et_pb_image][\/et_pb_column][\/et_pb_row][\/et_pb_section][et_pb_section fb_built=&#8221;1&#8243; custom_padding_last_edited=&#8221;on|phone&#8221; _builder_version=&#8221;4.13.1&#8243; _module_preset=&#8221;default&#8221; custom_padding_tablet=&#8221;&#8221; custom_padding_phone=&#8221;1px||0px||false|false&#8221; global_colors_info=&#8221;{}&#8221;][et_pb_row column_structure=&#8221;1_2,1_2&#8243; disabled_on=&#8221;off|off|on&#8221; _builder_version=&#8221;4.14.1&#8243; _module_preset=&#8221;default&#8221; global_colors_info=&#8221;{}&#8221;][et_pb_column type=&#8221;1_2&#8243; _builder_version=&#8221;4.11.4&#8243; _module_preset=&#8221;default&#8221; global_colors_info=&#8221;{}&#8221;][et_pb_text _builder_version=&#8221;4.13.1&#8243; _module_preset=&#8221;default&#8221; global_colors_info=&#8221;{}&#8221;]<\/p>\n<h2>Vini dal Sacro Monte Athos<\/h2>\n<p>Dopo la caduta dell&#8217;Impero Romano, la viticoltura conobbe un periodo di decadenza, in alcune zone venne addirittura abbandonata del tutto.<\/p>\n<p>Chierici e monaci hanno svolto un ruolo importante nel salvaguardare la vinificazione poich\u00e9 necessitavano del vino per scopi cerimoniali. Nell&#8217;impero bizantino, i monaci subentrarono alla coltivazione della vite e alla produzione del vino.<\/p>\n<p><span style=\"background-color: #ffffff;font-size: 16px;font-style: inherit\"><\/span><\/p>\n<p>[\/et_pb_text][\/et_pb_column][et_pb_column type=&#8221;1_2&#8243; _builder_version=&#8221;4.14.1&#8243; _module_preset=&#8221;default&#8221; background_color=&#8221;#92140c&#8221; transform_rotate=&#8221;0deg|0deg|2deg&#8221; custom_padding=&#8221;2px|2px|2px|2px|true|true&#8221; animation_style=&#8221;slide&#8221; animation_direction=&#8221;right&#8221; animation_intensity_slide=&#8221;30%&#8221; box_shadow_style=&#8221;preset1&#8243; box_shadow_blur=&#8221;6px&#8221; global_colors_info=&#8221;{}&#8221;][et_pb_image src=&#8221;https:\/\/globalgrowth.group\/wp-content\/uploads\/2021\/11\/agion-oros.jpg&#8221; title_text=&#8221;agion-oros&#8221; _builder_version=&#8221;4.13.1&#8243; _module_preset=&#8221;default&#8221; transform_rotate=&#8221;0deg|0deg|-2deg&#8221; box_shadow_style=&#8221;preset1&#8243; box_shadow_blur=&#8221;12px&#8221; global_colors_info=&#8221;{}&#8221;][\/et_pb_image][\/et_pb_column][\/et_pb_row][et_pb_row column_structure=&#8221;1_2,1_2&#8243; disabled_on=&#8221;on|on|off&#8221; _builder_version=&#8221;4.14.1&#8243; _module_preset=&#8221;default&#8221; global_colors_info=&#8221;{}&#8221;][et_pb_column type=&#8221;1_2&#8243; _builder_version=&#8221;4.14.1&#8243; _module_preset=&#8221;default&#8221; background_color=&#8221;#92140c&#8221; transform_rotate=&#8221;0deg|0deg|2deg&#8221; custom_padding=&#8221;2px|2px|2px|2px|true|true&#8221; animation_style=&#8221;slide&#8221; animation_direction=&#8221;left&#8221; animation_intensity_slide=&#8221;30%&#8221; box_shadow_style=&#8221;preset1&#8243; box_shadow_blur=&#8221;6px&#8221; global_colors_info=&#8221;{}&#8221;][et_pb_image src=&#8221;https:\/\/globalgrowth.group\/wp-content\/uploads\/2021\/11\/agion-oros.jpg&#8221; title_text=&#8221;agion-oros&#8221; _builder_version=&#8221;4.13.1&#8243; _module_preset=&#8221;default&#8221; transform_rotate=&#8221;0deg|0deg|-2deg&#8221; box_shadow_style=&#8221;preset1&#8243; box_shadow_blur=&#8221;12px&#8221; global_colors_info=&#8221;{}&#8221;][\/et_pb_image][\/et_pb_column][et_pb_column type=&#8221;1_2&#8243; _builder_version=&#8221;4.11.4&#8243; _module_preset=&#8221;default&#8221; global_colors_info=&#8221;{}&#8221;][et_pb_text _builder_version=&#8221;4.13.1&#8243; _module_preset=&#8221;default&#8221; custom_padding=&#8221;55px|||0px|false|false&#8221; global_colors_info=&#8221;{}&#8221;]<\/p>\n<h2>Vini dal Sacro Monte Athos<\/h2>\n<p>Dopo la caduta dell&#8217;Impero Romano, la viticoltura conobbe un periodo di decadenza, in alcune zone venne addirittura abbandonata del tutto.<\/p>\n<p>Chierici e monaci hanno svolto un ruolo importante nel salvaguardare la vinificazione poich\u00e9 necessitavano del vino per scopi cerimoniali. Nell&#8217;impero bizantino, i monaci subentrarono alla coltivazione della vite e alla produzione del vino.<\/p>\n<p><span style=\"background-color: #ffffff;font-size: 16px;font-style: inherit\"><\/span><\/p>\n<p>[\/et_pb_text][\/et_pb_column][\/et_pb_row][et_pb_row column_structure=&#8221;1_2,1_2&#8243; _builder_version=&#8221;4.14.1&#8243; _module_preset=&#8221;default&#8221; custom_padding=&#8221;100px||||false|false&#8221; global_colors_info=&#8221;{}&#8221;][et_pb_column type=&#8221;1_2&#8243; _builder_version=&#8221;4.11.4&#8243; _module_preset=&#8221;default&#8221; global_colors_info=&#8221;{}&#8221;][et_pb_text _builder_version=&#8221;4.13.1&#8243; _module_preset=&#8221;default&#8221; custom_margin=&#8221;-70px||||false|false&#8221; global_colors_info=&#8221;{}&#8221;]<\/p>\n<h4>Tradizionale, puro e biologico<\/h4>\n<p>L&#8217;eccezionale microclima della penisola di Athos \u00e8 di grande aiuto ai monaci, poich\u00e9 \u00e8 protetto dall&#8217;inquinamento industriale e da ogni tipo di intervento umano. Offre inoltre le condizioni del terreno ideali per la produzione di vini di alta qualit\u00e0 dal sapore unico. <\/p>\n<p><span style=\"font-weight: 400\">Il Santo e Grande Monastero di Vatopedi dispone di vigneti coltivati con metodo biologico che hanno ottenuto la certificazione DIO Organic Products, oltre a una cantina all&#8217;avanguardia, una distilleria separata e una sala di degustazione.<\/span><\/p>\n<p>Le antiche cisterne in legno ben conservate (paravote) e le botti accanto alle moderne cantine del monastero ricordano la tradizione enologica di Vatopedi. <span style=\"font-weight: 400\">La coltivazione e la raccolta delle uve, la vinificazione e il processo di invecchiamento, avvengono nel massimo rispetto della tradizione monastica dell&#8217;antica Grecia, meraviglioso dono della santa terra dell&#8217;Athos.<\/span><\/p>\n<p><span style=\"background-color: #ffffff;font-size: 16px;font-style: inherit\"><\/span><\/p>\n<p>[\/et_pb_text][\/et_pb_column][et_pb_column type=&#8221;1_2&#8243; disabled_on=&#8221;on|off|off&#8221; _builder_version=&#8221;4.14.1&#8243; _module_preset=&#8221;default&#8221; background_color=&#8221;#92140c&#8221; transform_rotate=&#8221;0deg|0deg|-2deg&#8221; custom_padding=&#8221;2px|2px|2px|2px|true|true&#8221; animation_style=&#8221;slide&#8221; animation_direction=&#8221;right&#8221; animation_intensity_slide=&#8221;30%&#8221; box_shadow_style=&#8221;preset1&#8243; box_shadow_blur=&#8221;6px&#8221; global_colors_info=&#8221;{}&#8221;][et_pb_image src=&#8221;https:\/\/globalgrowth.group\/wp-content\/uploads\/2021\/11\/viticulture.jpg&#8221; title_text=&#8221;CREATOR: gd-jpeg v1.0 (using IJG JPEG v62), quality = 82&#8243; _builder_version=&#8221;4.13.1&#8243; _module_preset=&#8221;default&#8221; transform_rotate=&#8221;0deg|0deg|2deg&#8221; box_shadow_style=&#8221;preset1&#8243; box_shadow_blur=&#8221;12px&#8221; global_colors_info=&#8221;{}&#8221;][\/et_pb_image][\/et_pb_column][\/et_pb_row][\/et_pb_section][et_pb_section fb_built=&#8221;1&#8243; custom_padding_last_edited=&#8221;off|phone&#8221; _builder_version=&#8221;4.13.1&#8243; _module_preset=&#8221;default&#8221; custom_padding=&#8221;0px||||false|false&#8221; global_colors_info=&#8221;{}&#8221;][et_pb_row _builder_version=&#8221;4.13.1&#8243; _module_preset=&#8221;default&#8221; global_colors_info=&#8221;{}&#8221;][et_pb_column type=&#8221;4_4&#8243; _builder_version=&#8221;4.13.1&#8243; _module_preset=&#8221;default&#8221; global_colors_info=&#8221;{}&#8221;][et_pb_text _builder_version=&#8221;4.12.0&#8243; _module_preset=&#8221;default&#8221; header_3_text_align=&#8221;center&#8221; header_5_font=&#8221;Noto Serif||||||||&#8221; header_5_text_align=&#8221;center&#8221; custom_margin=&#8221;||0px||false|false&#8221; global_colors_info=&#8221;{}&#8221; custom_padding__hover_enabled=&#8221;off|desktop&#8221;]<\/p>\n<h3 style=\"text-align: center\">Esplora i nostri diversi vini<\/h3>\n<p>[\/et_pb_text][et_pb_button button_url=&#8221;@ET-DC@eyJkeW5hbWljIjp0cnVlLCJjb250ZW50IjoicG9zdF9saW5rX3VybF9wYWdlIiwic2V0dGluZ3MiOnsicG9zdF9pZCI6IjgxNyJ9fQ==@&#8221; button_text=&#8221;Ottieni il nostro catalogo completo&#8221; button_alignment=&#8221;center&#8221; _builder_version=&#8221;4.14.1&#8243; _dynamic_attributes=&#8221;button_url&#8221; _module_preset=&#8221;default&#8221; custom_button=&#8221;on&#8221; button_bg_color=&#8221;#92140c&#8221; button_border_radius=&#8221;100px&#8221; button_letter_spacing=&#8221;1px&#8221; button_font=&#8221;Noto Serif||on||||||&#8221; button_icon=&#8221;&#x35;||divi||400&#8243; button_on_hover=&#8221;off&#8221; background_layout=&#8221;dark&#8221; custom_padding=&#8221;20px|55px|20px|40px|true|false&#8221; animation_style=&#8221;slide&#8221; animation_intensity_slide=&#8221;10%&#8221; box_shadow_style=&#8221;preset1&#8243; box_shadow_blur=&#8221;4px&#8221; global_colors_info=&#8221;{}&#8221; button_letter_spacing__hover_enabled=&#8221;off|desktop&#8221; button_letter_spacing__hover=&#8221;2px&#8221; box_shadow_blur__hover_enabled=&#8221;on|hover&#8221; box_shadow_blur__hover=&#8221;12px&#8221;][\/et_pb_button][\/et_pb_column][\/et_pb_row][\/et_pb_section]<\/p>\n","protected":false},"excerpt":{"rendered":"<p>Vini I nostri vini hanno le loro storie da raccontare. Storie di tradizione e buon gusto.Il vino perduto della Malvasia Gi\u00e0 nel Medioevo, i mercanti veneziani amavano il commercio di questo vino Malvasia cos\u00ec tanto che le enoteche mercantili a Venezia erano conosciute come malvasie. Ancora oggi ci sono diverse cantine che producono le proprie [&hellip;]<\/p>\n","protected":false},"author":5,"featured_media":0,"parent":0,"menu_order":0,"comment_status":"closed","ping_status":"closed","template":"","meta":{"_et_pb_use_builder":"on","_et_pb_old_content":"","_et_gb_content_width":"","footnotes":"","_joinchat":[]},"_links":{"self":[{"href":"https:\/\/globalgrowth.group\/it\/wp-json\/wp\/v2\/pages\/2508"}],"collection":[{"href":"https:\/\/globalgrowth.group\/it\/wp-json\/wp\/v2\/pages"}],"about":[{"href":"https:\/\/globalgrowth.group\/it\/wp-json\/wp\/v2\/types\/page"}],"author":[{"embeddable":true,"href":"https:\/\/globalgrowth.group\/it\/wp-json\/wp\/v2\/users\/5"}],"replies":[{"embeddable":true,"href":"https:\/\/globalgrowth.group\/it\/wp-json\/wp\/v2\/comments?post=2508"}],"version-history":[{"count":5,"href":"https:\/\/globalgrowth.group\/it\/wp-json\/wp\/v2\/pages\/2508\/revisions"}],"predecessor-version":[{"id":2694,"href":"https:\/\/globalgrowth.group\/it\/wp-json\/wp\/v2\/pages\/2508\/revisions\/2694"}],"wp:attachment":[{"href":"https:\/\/globalgrowth.group\/it\/wp-json\/wp\/v2\/media?parent=2508"}],"curies":[{"name":"wp","href":"https:\/\/api.w.org\/{rel}","templated":true}]}}