{"id":2734,"date":"2022-02-09T16:41:25","date_gmt":"2022-02-09T14:41:25","guid":{"rendered":"https:\/\/globalgrowth.group\/dienstleistungen\/"},"modified":"2022-02-09T16:41:27","modified_gmt":"2022-02-09T14:41:27","slug":"dienstleistungen","status":"publish","type":"page","link":"https:\/\/globalgrowth.group\/de\/dienstleistungen\/","title":{"rendered":"Dienstleistungen"},"content":{"rendered":"<p>[et_pb_section fb_built=&#8220;1&#8243; custom_padding_last_edited=&#8220;on|phone&#8220; _builder_version=&#8220;4.13.1&#8243; _module_preset=&#8220;default&#8220; custom_padding_tablet=&#8220;&#8220; custom_padding_phone=&#8220;1px||1px||false|false&#8220; global_colors_info=&#8220;{}&#8220;][et_pb_row column_structure=&#8220;2_5,3_5&#8243; use_custom_gutter=&#8220;on&#8220; gutter_width=&#8220;1&#8243; make_equal=&#8220;on&#8220; _builder_version=&#8220;4.14.1&#8243; _module_preset=&#8220;default&#8220; locked=&#8220;off&#8220; global_colors_info=&#8220;{}&#8220;][et_pb_column type=&#8220;2_5&#8243; _builder_version=&#8220;4.13.1&#8243; _module_preset=&#8220;default&#8220; custom_padding=&#8220;||||false|false&#8220; custom_css_main_element=&#8220;margin: auto;&#8220; global_colors_info=&#8220;{}&#8220;][et_pb_text _builder_version=&#8220;4.13.1&#8243; _module_preset=&#8220;default&#8220; custom_margin=&#8220;||20px||false|false&#8220; custom_padding_tablet=&#8220;||||false|false&#8220; custom_padding_last_edited=&#8220;off|tablet&#8220; animation_style=&#8220;slide&#8220; animation_direction=&#8220;bottom&#8220; animation_intensity_slide=&#8220;30%&#8220; global_colors_info=&#8220;{}&#8220;]<\/p>\n<h2>Team Up, Grow Global!<\/h2>\n<p>[\/et_pb_text][\/et_pb_column][et_pb_column type=&#8220;3_5&#8243; _builder_version=&#8220;4.12.0&#8243; _module_preset=&#8220;default&#8220; global_colors_info=&#8220;{}&#8220;][et_pb_text _builder_version=&#8220;4.12.0&#8243; _module_preset=&#8220;default&#8220; animation_style=&#8220;slide&#8220; animation_direction=&#8220;bottom&#8220; animation_intensity_slide=&#8220;30%&#8220; global_colors_info=&#8220;{}&#8220;]<\/p>\n<p>Lokale Erzeuger sehen sich bei ihrem Versuch, weltweit t\u00e4tig zu werden, mit zahlreichen Herausforderungen konfrontiert.<\/p>\n<p>Unser Ziel ist es, sie in die Lage zu versetzen, global zu wachsen und dabei Fallstricke und unn\u00f6tige H\u00e4rten zu vermeiden. Unsere Unterst\u00fctzung und unser Fachwissen stehen Ihnen in jeder Phase der Reise und in jeder Situation zur Verf\u00fcgung.<\/p>\n<p>Ein modernes Unternehmen, das sich von der Konkurrenz abheben will, muss bestehende Praktiken durchbrechen. Durch die Anwendung von Design Thinking-Konzepten und -Methoden finden wir innovative Wege, um die Produkte zu positionieren und einen neuen Look zu entwickeln.<\/p>\n<p>Wir verfolgen einen praxisnahen Ansatz. Wir besuchen unsere Kunden systematisch und bleiben in Kontakt mit unseren Zielm\u00e4rkten. Das Verst\u00e4ndnis f\u00fcr unsere Produzenten, Kunden und Endkunden ist der Schl\u00fcssel zur Entwicklung von praktischen und zufriedenstellenden L\u00f6sungen.<\/p>\n<p>[\/et_pb_text][\/et_pb_column][\/et_pb_row][\/et_pb_section][et_pb_section fb_built=&#8220;1&#8243; custom_padding_last_edited=&#8220;on|desktop&#8220; _builder_version=&#8220;4.14.1&#8243; _module_preset=&#8220;default&#8220; custom_padding=&#8220;0px||0px||false|false&#8220; custom_padding_tablet=&#8220;0px||0px||false|false&#8220; custom_padding_phone=&#8220;&#8220; global_colors_info=&#8220;{}&#8220;][et_pb_row column_structure=&#8220;1_4,1_4,1_4,1_4&#8243; use_custom_gutter=&#8220;on&#8220; gutter_width=&#8220;2&#8243; disabled_on=&#8220;on|off|off&#8220; _builder_version=&#8220;4.14.1&#8243; _module_preset=&#8220;default&#8220; width=&#8220;85%&#8220; max_width=&#8220;1134px&#8220; locked=&#8220;off&#8220; global_colors_info=&#8220;{}&#8220;][et_pb_column type=&#8220;1_4&#8243; _builder_version=&#8220;4.14.1&#8243; _module_preset=&#8220;default&#8220; background_color=&#8220;#FFFFFF&#8220; custom_padding=&#8220;15px|15px|15px|15px|true|true&#8220; animation_style=&#8220;slide&#8220; animation_direction=&#8220;bottom&#8220; animation_intensity_slide=&#8220;30%&#8220; box_shadow_style=&#8220;preset1&#8243; box_shadow_blur=&#8220;6px&#8220; global_colors_info=&#8220;{}&#8220;][et_pb_text _builder_version=&#8220;4.14.1&#8243; _module_preset=&#8220;default&#8220; animation_direction=&#8220;bottom&#8220; global_colors_info=&#8220;{}&#8220;]<\/p>\n<h4>Zus\u00e4tzlicher Wert<\/h4>\n<p>Die Untersuchung des Marktes und seiner Besonderheiten erm\u00f6glicht es, den verborgenen Wert Ihres Produkts zu ermitteln.<\/p>\n<p>Ein einfaches Merkmal kann sich f\u00fcr den richtigen Kunden als gro\u00dfer Vorteil erweisen.<\/p>\n<p>[\/et_pb_text][\/et_pb_column][et_pb_column type=&#8220;1_4&#8243; _builder_version=&#8220;4.14.1&#8243; _module_preset=&#8220;default&#8220; background_color=&#8220;#FFFFFF&#8220; custom_padding=&#8220;15px|15px|15px|15px|true|true&#8220; animation_style=&#8220;slide&#8220; animation_direction=&#8220;bottom&#8220; animation_delay=&#8220;100ms&#8220; animation_intensity_slide=&#8220;30%&#8220; box_shadow_style=&#8220;preset1&#8243; box_shadow_blur=&#8220;6px&#8220; global_colors_info=&#8220;{}&#8220;][et_pb_text _builder_version=&#8220;4.13.1&#8243; _module_preset=&#8220;default&#8220; animation_direction=&#8220;bottom&#8220; global_colors_info=&#8220;{}&#8220;]<\/p>\n<h4>Logistische Organisation<\/h4>\n<p>Ein Wachstum auf globaler Ebene kann dazu f\u00fchren, dass kleine organisatorische Probleme zu ernsthaften Problemen werden.<\/p>\n<p>Wir wissen, wie man mit ihnen umgeht, und wir k\u00f6nnen auch Ihnen helfen, sie zu \u00fcberwinden.<\/p>\n<p>[\/et_pb_text][\/et_pb_column][et_pb_column type=&#8220;1_4&#8243; _builder_version=&#8220;4.14.1&#8243; _module_preset=&#8220;default&#8220; background_color=&#8220;#FFFFFF&#8220; custom_padding=&#8220;15px|15px|15px|15px|true|true&#8220; animation_style=&#8220;slide&#8220; animation_direction=&#8220;bottom&#8220; animation_delay=&#8220;200ms&#8220; animation_intensity_slide=&#8220;30%&#8220; box_shadow_style=&#8220;preset1&#8243; box_shadow_blur=&#8220;6px&#8220; global_colors_info=&#8220;{}&#8220;][et_pb_text _builder_version=&#8220;4.13.1&#8243; _module_preset=&#8220;default&#8220; animation_direction=&#8220;bottom&#8220; global_colors_info=&#8220;{}&#8220;]<\/p>\n<h4>Bescheinigungen<\/h4>\n<p><span>Zertifikate sind die einzige Qualit\u00e4tsgarantie, die dem Kunden gegeben werden kann, insbesondere auf internationaler Ebene.<\/span><span>.<\/span><\/p>\n<p><span>Unser Team kann Ihnen helfen, die richtigen Zertifikate f\u00fcr Ihre Produkte zu erwerben.<\/span><\/p>\n<p>[\/et_pb_text][\/et_pb_column][et_pb_column type=&#8220;1_4&#8243; _builder_version=&#8220;4.14.1&#8243; _module_preset=&#8220;default&#8220; background_color=&#8220;#FFFFFF&#8220; custom_padding=&#8220;15px|15px|15px|15px|true|true&#8220; animation_style=&#8220;slide&#8220; animation_direction=&#8220;bottom&#8220; animation_delay=&#8220;300ms&#8220; animation_intensity_slide=&#8220;30%&#8220; box_shadow_style=&#8220;preset1&#8243; box_shadow_blur=&#8220;6px&#8220; global_colors_info=&#8220;{}&#8220;][et_pb_text _builder_version=&#8220;4.13.1&#8243; _module_preset=&#8220;default&#8220; animation_direction=&#8220;bottom&#8220; global_colors_info=&#8220;{}&#8220;]<\/p>\n<h4>Exportbereit<\/h4>\n<p><span>F\u00fcr einheimische Unternehmen ist es schwierig, die Besonderheiten ausl\u00e4ndischer M\u00e4rkte zu kennen, was dazu f\u00fchrt, dass Chancen verpasst und unn\u00f6tige Risiken eingegangen werden.<\/span><\/p>\n<p><span style=\"font-size: 16px;font-style: inherit\">Mit unserem Fachwissen und unseren Verbindungen k\u00f6nnen wir helfen.<\/span><\/p>\n<p>[\/et_pb_text][\/et_pb_column][\/et_pb_row][et_pb_row disabled_on=&#8220;off|on|on&#8220; _builder_version=&#8220;4.14.1&#8243; _module_preset=&#8220;default&#8220; global_colors_info=&#8220;{}&#8220;][et_pb_column type=&#8220;4_4&#8243; _builder_version=&#8220;4.14.1&#8243; _module_preset=&#8220;default&#8220; global_colors_info=&#8220;{}&#8220;][et_pb_accordion open_toggle_background_color=&#8220;#FFFFFF&#8220; closed_toggle_background_color=&#8220;#FFFFFF&#8220; toggle_icon=&#8220;&#x33;||divi||400&#8243; use_icon_font_size=&#8220;on&#8220; icon_font_size=&#8220;28px&#8220; _builder_version=&#8220;4.14.2&#8243; _module_preset=&#8220;default&#8220; toggle_level=&#8220;h4&#8243; body_font=&#8220;Noto Sans||||||||&#8220; body_font_size=&#8220;16px&#8220; border_width_all=&#8220;0px&#8220; box_shadow_style=&#8220;preset1&#8243; box_shadow_blur=&#8220;6px&#8220; global_colors_info=&#8220;{}&#8220;][et_pb_accordion_item title=&#8220;Zus\u00e4tzlicher Wert&#8220; open=&#8220;on&#8220; _builder_version=&#8220;4.14.1&#8243; _module_preset=&#8220;default&#8220; global_colors_info=&#8220;{}&#8220; toggle_level=&#8220;h3&#8243;]<\/p>\n<p>Die Untersuchung des Marktes und seiner Besonderheiten erm\u00f6glicht es, den verborgenen Wert Ihres Produkts zu ermitteln.<\/p>\n<p>Eine einfache Funktion kann sich f\u00fcr den richtigen Kunden als gro\u00dfer Vorteil erweisen.<\/p>\n<p>[\/et_pb_accordion_item][et_pb_accordion_item title=&#8220;Logistische Organisation&#8220; _builder_version=&#8220;4.14.1&#8243; _module_preset=&#8220;default&#8220; global_colors_info=&#8220;{}&#8220; open=&#8220;off&#8220;]<\/p>\n<p>Ein Wachstum auf globaler Ebene kann dazu f\u00fchren, dass kleine organisatorische Probleme zu ernsthaften Problemen werden.<\/p>\n<p>Wir wissen, wie man mit ihnen umgeht, und wir k\u00f6nnen auch Ihnen helfen, sie zu \u00fcberwinden.<\/p>\n<p>[\/et_pb_accordion_item][et_pb_accordion_item title=&#8220;Bescheinigungen&#8220; _builder_version=&#8220;4.14.1&#8243; _module_preset=&#8220;default&#8220; global_colors_info=&#8220;{}&#8220; open=&#8220;off&#8220;]<\/p>\n<p><span>Zertifikate sind die einzige Qualit\u00e4tsgarantie, die dem Kunden gegeben werden kann, insbesondere auf internationaler Ebene.<\/span><span>.<\/span><\/p>\n<p><span>Unser Team kann Ihnen helfen, die richtigen Zertifikate f\u00fcr Ihre Produkte zu erwerben.<\/span><\/p>\n<p>[\/et_pb_accordion_item][et_pb_accordion_item title=&#8220;Exportbereit&#8220; _builder_version=&#8220;4.14.2&#8243; _module_preset=&#8220;default&#8220; global_colors_info=&#8220;{}&#8220; open=&#8220;off&#8220;]<\/p>\n<p>F\u00fcr einheimische Unternehmen ist es schwierig, die Besonderheiten ausl\u00e4ndischer M\u00e4rkte zu kennen, was dazu f\u00fchrt, dass Chancen verpasst und unn\u00f6tige Risiken eingegangen werden.<\/p>\n<p>Mit unserem Fachwissen und unseren Verbindungen k\u00f6nnen wir helfen.<\/p>\n<p>[\/et_pb_accordion_item][\/et_pb_accordion][\/et_pb_column][\/et_pb_row][\/et_pb_section][et_pb_section fb_built=&#8220;1&#8243; disabled_on=&#8220;off|on|on&#8220; _builder_version=&#8220;4.14.1&#8243; _module_preset=&#8220;default&#8220; custom_padding=&#8220;0px||0px||true|false&#8220; global_colors_info=&#8220;{}&#8220;][et_pb_row _builder_version=&#8220;4.14.1&#8243; _module_preset=&#8220;default&#8220; global_colors_info=&#8220;{}&#8220;][et_pb_column type=&#8220;4_4&#8243; _builder_version=&#8220;4.14.1&#8243; _module_preset=&#8220;default&#8220; global_colors_info=&#8220;{}&#8220;][et_pb_image src=&#8220;https:\/\/globalgrowth.group\/wp-content\/uploads\/2021\/11\/LogoGlobalGrowthGroup.png&#8220; title_text=&#8220;Logo der Globalen Wachstumsgruppe&#8220; align=&#8220;center&#8220; _builder_version=&#8220;4.14.1&#8243; _module_preset=&#8220;default&#8220; width=&#8220;60vw&#8220; custom_padding=&#8220;0px||0px||true|false&#8220; global_colors_info=&#8220;{}&#8220;][\/et_pb_image][\/et_pb_column][\/et_pb_row][\/et_pb_section][et_pb_section fb_built=&#8220;1&#8243; custom_padding_last_edited=&#8220;on|tablet&#8220; _builder_version=&#8220;4.14.1&#8243; _module_preset=&#8220;default&#8220; custom_padding_tablet=&#8220;0px||||false|false&#8220; custom_padding_phone=&#8220;0px||||false|false&#8220; global_colors_info=&#8220;{}&#8220;][et_pb_row column_structure=&#8220;1_3,2_3&#8243; use_custom_gutter=&#8220;on&#8220; gutter_width=&#8220;1&#8243; disabled_on=&#8220;on|off|off&#8220; _builder_version=&#8220;4.14.1&#8243; _module_preset=&#8220;default&#8220; global_colors_info=&#8220;{}&#8220;][et_pb_column type=&#8220;1_3&#8243; _builder_version=&#8220;4.13.0&#8243; _module_preset=&#8220;default&#8220; global_colors_info=&#8220;{}&#8220;][et_pb_text _builder_version=&#8220;4.13.0&#8243; _module_preset=&#8220;default&#8220; animation_style=&#8220;slide&#8220; animation_direction=&#8220;left&#8220; animation_intensity_slide=&#8220;30%&#8220; global_colors_info=&#8220;{}&#8220;]<\/p>\n<h4>Digitales Marketing<\/h4>\n<p>[\/et_pb_text][\/et_pb_column][et_pb_column type=&#8220;2_3&#8243; _builder_version=&#8220;4.13.0&#8243; _module_preset=&#8220;default&#8220; global_colors_info=&#8220;{}&#8220;][et_pb_text _builder_version=&#8220;4.14.1&#8243; _module_preset=&#8220;default&#8220; animation_style=&#8220;slide&#8220; animation_direction=&#8220;bottom&#8220; animation_intensity_slide=&#8220;30%&#8220; global_colors_info=&#8220;{}&#8220;]<\/p>\n<p>Wo traditionelle Methoden versagen, setzt sich das digitale Marketing durch.<\/p>\n<p>Heutzutage ist dies die effizienteste Art und Weise, wie ein Unternehmen seine Produkte auf globaler Ebene vermarkten kann, und sie kann nicht ignoriert werden.<\/p>\n<p>[\/et_pb_text][\/et_pb_column][\/et_pb_row][et_pb_row column_structure=&#8220;1_3,2_3&#8243; use_custom_gutter=&#8220;on&#8220; gutter_width=&#8220;1&#8243; disabled_on=&#8220;on|off|off&#8220; _builder_version=&#8220;4.14.1&#8243; _module_preset=&#8220;default&#8220; custom_margin=&#8220;15px||||false|false&#8220; animation_direction=&#8220;bottom&#8220; global_colors_info=&#8220;{}&#8220;][et_pb_column type=&#8220;1_3&#8243; _builder_version=&#8220;4.13.0&#8243; _module_preset=&#8220;default&#8220; global_colors_info=&#8220;{}&#8220;][et_pb_text _builder_version=&#8220;4.13.0&#8243; _module_preset=&#8220;default&#8220; animation_style=&#8220;slide&#8220; animation_direction=&#8220;left&#8220; animation_intensity_slide=&#8220;30%&#8220; global_colors_info=&#8220;{}&#8220;]<\/p>\n<h4>Forschung und Entwicklung von neuen Produkten<\/h4>\n<p>[\/et_pb_text][\/et_pb_column][et_pb_column type=&#8220;2_3&#8243; _builder_version=&#8220;4.13.0&#8243; _module_preset=&#8220;default&#8220; global_colors_info=&#8220;{}&#8220;][et_pb_text _builder_version=&#8220;4.13.0&#8243; _module_preset=&#8220;default&#8220; animation_style=&#8220;slide&#8220; animation_direction=&#8220;bottom&#8220; animation_intensity_slide=&#8220;30%&#8220; global_colors_info=&#8220;{}&#8220;]<\/p>\n<p>Manchmal scheitert das, was ein gutes Produkt zu sein scheint. Vielleicht war es das richtige Produkt zur falschen Zeit, vielleicht sind aber auch andere Varianten im Spiel.<\/p>\n<p>Wenn man herausfindet, was der Markt braucht, und darauf basierend neue Produkte entwickelt, spart man Zeit und Geld.<\/p>\n<p>[\/et_pb_text][\/et_pb_column][\/et_pb_row][et_pb_row column_structure=&#8220;1_3,2_3&#8243; use_custom_gutter=&#8220;on&#8220; gutter_width=&#8220;1&#8243; disabled_on=&#8220;on|off|off&#8220; _builder_version=&#8220;4.14.1&#8243; _module_preset=&#8220;default&#8220; custom_margin=&#8220;15px||||false|false&#8220; animation_direction=&#8220;bottom&#8220; global_colors_info=&#8220;{}&#8220;][et_pb_column type=&#8220;1_3&#8243; _builder_version=&#8220;4.13.0&#8243; _module_preset=&#8220;default&#8220; global_colors_info=&#8220;{}&#8220;][et_pb_text _builder_version=&#8220;4.14.1&#8243; _module_preset=&#8220;default&#8220; animation_style=&#8220;slide&#8220; animation_direction=&#8220;left&#8220; animation_intensity_slide=&#8220;30%&#8220; global_colors_info=&#8220;{}&#8220;]<\/p>\n<h4>Marktforschung<\/h4>\n<p>[\/et_pb_text][\/et_pb_column][et_pb_column type=&#8220;2_3&#8243; _builder_version=&#8220;4.13.0&#8243; _module_preset=&#8220;default&#8220; global_colors_info=&#8220;{}&#8220;][et_pb_text _builder_version=&#8220;4.13.0&#8243; _module_preset=&#8220;default&#8220; animation_style=&#8220;slide&#8220; animation_direction=&#8220;bottom&#8220; animation_intensity_slide=&#8220;30%&#8220; global_colors_info=&#8220;{}&#8220;]<\/p>\n<p>Den richtigen Kunden zu finden, ist genauso wichtig wie das richtige Produkt zu finden. Auf globaler Ebene k\u00f6nnte ein Nischenmarkt die gro\u00dfe Chance sein, die ein Unternehmen braucht. Gleichzeitig ist der Eintritt in einen neuen, unbekannten Markt ein kostspieliges, zeitaufw\u00e4ndiges und riskantes Unterfangen.<\/p>\n<p>Mit unseren Recherchen k\u00f6nnen wir Risiken und Chancen fr\u00fchzeitig erkennen, um sie zu vermeiden oder zu nutzen.<\/p>\n<p>[\/et_pb_text][\/et_pb_column][\/et_pb_row][et_pb_row disabled_on=&#8220;off|on|on&#8220; _builder_version=&#8220;4.14.1&#8243; _module_preset=&#8220;default&#8220; global_colors_info=&#8220;{}&#8220;][et_pb_column type=&#8220;4_4&#8243; _builder_version=&#8220;4.14.1&#8243; _module_preset=&#8220;default&#8220; global_colors_info=&#8220;{}&#8220;][et_pb_accordion open_toggle_background_color=&#8220;#FFFFFF&#8220; closed_toggle_background_color=&#8220;#FFFFFF&#8220; toggle_icon=&#8220;&#x33;||divi||400&#8243; use_icon_font_size=&#8220;on&#8220; icon_font_size=&#8220;28px&#8220; _builder_version=&#8220;4.14.1&#8243; _module_preset=&#8220;default&#8220; toggle_level=&#8220;h4&#8243; body_font=&#8220;Noto Sans||||||||&#8220; body_font_size=&#8220;16px&#8220; border_width_all=&#8220;0px&#8220; box_shadow_style=&#8220;preset1&#8243; box_shadow_blur=&#8220;6px&#8220; global_colors_info=&#8220;{}&#8220;][et_pb_accordion_item title=&#8220;Digitales Marketing&#8220; open=&#8220;on&#8220; _builder_version=&#8220;4.14.1&#8243; _module_preset=&#8220;default&#8220; global_colors_info=&#8220;{}&#8220;]<\/p>\n<p>Wo traditionelle Methoden versagen, setzt sich das digitale Marketing durch.<\/p>\n<p>Heutzutage ist dies die effizienteste Art und Weise, wie ein Unternehmen seine Produkte auf globaler Ebene vermarkten kann, und sie kann nicht ignoriert werden.<\/p>\n<p>[\/et_pb_accordion_item][et_pb_accordion_item title=&#8220;Forschung und Entwicklung von neuen Produkten&#8220; _builder_version=&#8220;4.14.1&#8243; _module_preset=&#8220;default&#8220; global_colors_info=&#8220;{}&#8220; open=&#8220;off&#8220;]<\/p>\n<p>Manchmal scheitert das, was ein gutes Produkt zu sein scheint. Vielleicht war es das richtige Produkt zur falschen Zeit, vielleicht sind aber auch andere Varianten im Spiel.<\/p>\n<p>Wenn man herausfindet, was der Markt braucht, und darauf basierend neue Produkte entwickelt, spart man Zeit und Geld.<\/p>\n<p>[\/et_pb_accordion_item][et_pb_accordion_item title=&#8220;Marktforschung&#8220; _builder_version=&#8220;4.14.1&#8243; _module_preset=&#8220;default&#8220; global_colors_info=&#8220;{}&#8220; open=&#8220;off&#8220;]<\/p>\n<p>Den richtigen Kunden zu finden, ist genauso wichtig wie das richtige Produkt zu finden. Auf globaler Ebene k\u00f6nnte ein Nischenmarkt die gro\u00dfe Chance sein, die ein Unternehmen braucht. Gleichzeitig ist der Eintritt in einen neuen, unbekannten Markt ein kostspieliges, zeitaufw\u00e4ndiges und riskantes Unterfangen.<\/p>\n<p>Mit unseren Recherchen k\u00f6nnen wir Risiken und Chancen fr\u00fchzeitig erkennen, um sie zu vermeiden oder zu nutzen.<\/p>\n<p>[\/et_pb_accordion_item][\/et_pb_accordion][\/et_pb_column][\/et_pb_row][\/et_pb_section][et_pb_section fb_built=&#8220;1&#8243; _builder_version=&#8220;4.13.1&#8243; _module_preset=&#8220;default&#8220; custom_padding=&#8220;0px||||false|false&#8220; locked=&#8220;off&#8220; global_colors_info=&#8220;{}&#8220;][et_pb_row _builder_version=&#8220;4.13.1&#8243; _module_preset=&#8220;default&#8220; background_enable_color=&#8220;off&#8220; custom_padding=&#8220;0px||||false|false&#8220; global_colors_info=&#8220;{}&#8220;][et_pb_column type=&#8220;4_4&#8243; _builder_version=&#8220;4.12.0&#8243; _module_preset=&#8220;default&#8220; global_colors_info=&#8220;{}&#8220;][et_pb_text _builder_version=&#8220;4.12.0&#8243; _module_preset=&#8220;default&#8220; header_3_text_align=&#8220;center&#8220; header_5_font=&#8220;Noto Serif||||||||&#8220; header_5_text_align=&#8220;center&#8220; custom_margin=&#8220;||0px||false|false&#8220; locked=&#8220;off&#8220; global_colors_info=&#8220;{}&#8220; custom_padding__hover_enabled=&#8220;off|desktop&#8220;]<\/p>\n<h3 style=\"text-align: center\">Es ist an der Zeit, global zu wachsen&#8230;<\/h3>\n<p>[\/et_pb_text][et_pb_button button_url=&#8220;@ET-DC@eyJkeW5hbWljIjp0cnVlLCJjb250ZW50IjoicG9zdF9saW5rX3VybF9wYWdlIiwic2V0dGluZ3MiOnsicG9zdF9pZCI6IjgxNyJ9fQ==@&#8220; button_text=&#8220;Team Up!&#8220; button_alignment=&#8220;center&#8220; _builder_version=&#8220;4.14.1&#8243; _dynamic_attributes=&#8220;button_url&#8220; _module_preset=&#8220;default&#8220; custom_button=&#8220;on&#8220; button_text_size=&#8220;30px&#8220; button_text_color=&#8220;#FFFFFF&#8220; button_bg_color=&#8220;#3f703c&#8220; button_border_radius=&#8220;100px&#8220; button_letter_spacing=&#8220;1px&#8220; button_font=&#8220;Noto Serif|700|on||||||&#8220; button_icon=&#8220;&#x35;||divi||400&#8243; button_on_hover=&#8220;off&#8220; custom_padding=&#8220;|55px||40px|false|false&#8220; animation_style=&#8220;slide&#8220; animation_intensity_slide=&#8220;10%&#8220; box_shadow_style=&#8220;preset1&#8243; box_shadow_blur=&#8220;4px&#8220; global_colors_info=&#8220;{}&#8220; button_letter_spacing__hover_enabled=&#8220;off|desktop&#8220; button_letter_spacing__hover=&#8220;2px&#8220; button_text_size__hover_enabled=&#8220;off|desktop&#8220; button_text_size__hover=&#8220;32px&#8220; box_shadow_blur__hover=&#8220;12px&#8220; box_shadow_blur__hover_enabled=&#8220;on|hover&#8220;][\/et_pb_button][\/et_pb_column][\/et_pb_row][\/et_pb_section]<\/p>\n","protected":false},"excerpt":{"rendered":"<p>Team Up, Grow Global!Lokale Erzeuger sehen sich bei ihrem Versuch, weltweit t\u00e4tig zu werden, mit zahlreichen Herausforderungen konfrontiert. Unser Ziel ist es, sie in die Lage zu versetzen, global zu wachsen und dabei Fallstricke und unn\u00f6tige H\u00e4rten zu vermeiden. Unsere Unterst\u00fctzung und unser Fachwissen stehen Ihnen in jeder Phase der Reise und in jeder Situation [&hellip;]<\/p>\n","protected":false},"author":5,"featured_media":0,"parent":0,"menu_order":0,"comment_status":"closed","ping_status":"closed","template":"","meta":{"_et_pb_use_builder":"on","_et_pb_old_content":"","_et_gb_content_width":"","footnotes":"","_joinchat":[]},"_links":{"self":[{"href":"https:\/\/globalgrowth.group\/de\/wp-json\/wp\/v2\/pages\/2734"}],"collection":[{"href":"https:\/\/globalgrowth.group\/de\/wp-json\/wp\/v2\/pages"}],"about":[{"href":"https:\/\/globalgrowth.group\/de\/wp-json\/wp\/v2\/types\/page"}],"author":[{"embeddable":true,"href":"https:\/\/globalgrowth.group\/de\/wp-json\/wp\/v2\/users\/5"}],"replies":[{"embeddable":true,"href":"https:\/\/globalgrowth.group\/de\/wp-json\/wp\/v2\/comments?post=2734"}],"version-history":[{"count":3,"href":"https:\/\/globalgrowth.group\/de\/wp-json\/wp\/v2\/pages\/2734\/revisions"}],"predecessor-version":[{"id":2737,"href":"https:\/\/globalgrowth.group\/de\/wp-json\/wp\/v2\/pages\/2734\/revisions\/2737"}],"wp:attachment":[{"href":"https:\/\/globalgrowth.group\/de\/wp-json\/wp\/v2\/media?parent=2734"}],"curies":[{"name":"wp","href":"https:\/\/api.w.org\/{rel}","templated":true}]}}