{"id":2721,"date":"2022-02-09T16:38:09","date_gmt":"2022-02-09T14:38:09","guid":{"rendered":"https:\/\/globalgrowth.group\/weine\/"},"modified":"2022-02-09T16:38:11","modified_gmt":"2022-02-09T14:38:11","slug":"weine","status":"publish","type":"page","link":"https:\/\/globalgrowth.group\/de\/weine\/","title":{"rendered":"Weine"},"content":{"rendered":"<p>[et_pb_section fb_built=&#8220;1&#8243; custom_padding_last_edited=&#8220;on|phone&#8220; admin_label=&#8220;Mission&#8220; _builder_version=&#8220;4.13.1&#8243; _module_preset=&#8220;default&#8220; custom_padding_tablet=&#8220;&#8220; custom_padding_phone=&#8220;1px||0px||false|false&#8220; locked=&#8220;off&#8220; global_colors_info=&#8220;{}&#8220;][et_pb_row _builder_version=&#8220;4.11.4&#8243; _module_preset=&#8220;default&#8220; global_colors_info=&#8220;{}&#8220;][et_pb_column type=&#8220;4_4&#8243; _builder_version=&#8220;4.11.4&#8243; _module_preset=&#8220;default&#8220; global_colors_info=&#8220;{}&#8220;][et_pb_text _builder_version=&#8220;4.11.4&#8243; _module_preset=&#8220;default&#8220; global_colors_info=&#8220;{}&#8220;]<\/p>\n<h1>Weine<\/h1>\n<p>Unsere Weine haben ihre eigenen Geschichten zu erz\u00e4hlen. Geschichten \u00fcber Tradition und guten Geschmack.<\/p>\n<p>[\/et_pb_text][\/et_pb_column][\/et_pb_row][et_pb_row column_structure=&#8220;1_2,1_2&#8243; custom_padding_last_edited=&#8220;on|tablet&#8220; _builder_version=&#8220;4.14.1&#8243; _module_preset=&#8220;default&#8220; custom_padding=&#8220;70px||||false|false&#8220; custom_padding_tablet=&#8220;0px||0px||false|false&#8220; custom_padding_phone=&#8220;0px||0px||false|false&#8220; global_colors_info=&#8220;{}&#8220;][et_pb_column type=&#8220;1_2&#8243; _builder_version=&#8220;4.14.1&#8243; _module_preset=&#8220;default&#8220; background_color=&#8220;#92140c&#8220; transform_rotate=&#8220;0deg|0deg|2deg&#8220; animation_style=&#8220;slide&#8220; animation_direction=&#8220;left&#8220; animation_intensity_slide=&#8220;30%&#8220; box_shadow_style=&#8220;preset1&#8243; box_shadow_blur=&#8220;6px&#8220; global_colors_info=&#8220;{}&#8220; custom_css_main_element_last_edited=&#8220;off|desktop&#8220; custom_css_main_element_tablet=&#8220;margin-top: 0px;&#8220; custom_css_main_element_phone=&#8220;margin-top: 0px;&#8220;][et_pb_image src=&#8220;https:\/\/globalgrowth.group\/wp-content\/uploads\/2021\/11\/monembasia.jpg&#8220; title_text=&#8220;monembasia&#8220; _builder_version=&#8220;4.13.1&#8243; _module_preset=&#8220;default&#8220; transform_rotate=&#8220;0deg|0deg|-2deg&#8220; custom_padding=&#8220;2px|2px|2px|2px|true|true&#8220; box_shadow_style=&#8220;preset1&#8243; box_shadow_blur=&#8220;12px&#8220; global_colors_info=&#8220;{}&#8220;][\/et_pb_image][\/et_pb_column][et_pb_column type=&#8220;1_2&#8243; _builder_version=&#8220;4.11.4&#8243; _module_preset=&#8220;default&#8220; global_colors_info=&#8220;{}&#8220;][et_pb_text _builder_version=&#8220;4.13.1&#8243; _module_preset=&#8220;default&#8220; custom_margin=&#8220;-70px||||false|false&#8220; custom_margin_tablet=&#8220;0px||||false|false&#8220; custom_margin_phone=&#8220;0px||||false|false&#8220; custom_margin_last_edited=&#8220;on|tablet&#8220; global_colors_info=&#8220;{}&#8220;]<\/p>\n<h2>Der verlorene Wein der Malvasia<\/h2>\n<p>Im Mittelalter liebten die venezianischen Kaufleute den Handel mit diesem Malvasia-Wein so sehr, dass die Handelsweingesch\u00e4fte in Venedig als <em>Malvasie<\/em>bekannt waren. Auch heute noch gibt es mehr als genug Weing\u00fcter, die ihre eigenen Malvasia-Sorten produzieren.<\/p>\n<h4>Aber woher kommt dieser ber\u00fchmte Wein?<\/h4>\n<p>Malvasia ist der italienische Name f\u00fcr Monemvasia, eine byzantinische Festung und damals ein wichtiger Handelsplatz. Hier wurde zum ersten Mal Monemvasia- oder Malvasia-Wein hergestellt, der noch vor dem 13. Jahrhundert datiert wurde.<\/p>\n<p>Der Malvasia-Wein wurde in Monemvasia bis zur osmanischen Herrschaft im 16. Jahrhundert produziert. Die Weinberge wurden zerst\u00f6rt und die Produktion eingestellt.<\/p>\n<p>Die genaue Methode, wie der Malvasia-Wein hergestellt wurde, ging verloren.<\/p>\n<p><span style=\"background-color: #ffffff;font-size: 16px;font-style: inherit\"><\/span><\/p>\n<p>[\/et_pb_text][\/et_pb_column][\/et_pb_row][et_pb_row column_structure=&#8220;2_5,3_5&#8243; disabled_on=&#8220;off|off|on&#8220; _builder_version=&#8220;4.14.1&#8243; _module_preset=&#8220;default&#8220; custom_margin=&#8220;0px||||false|false&#8220; custom_padding=&#8220;0px||||false|false&#8220; global_colors_info=&#8220;{}&#8220;][et_pb_column type=&#8220;2_5&#8243; _builder_version=&#8220;4.14.1&#8243; _module_preset=&#8220;default&#8220; background_color=&#8220;#92140c&#8220; transform_rotate=&#8220;0deg|0deg|-1deg&#8220; custom_padding=&#8220;2px|2px|2px|2px|true|true&#8220; animation_style=&#8220;slide&#8220; animation_direction=&#8220;left&#8220; animation_intensity_slide=&#8220;30%&#8220; box_shadow_style=&#8220;preset1&#8243; box_shadow_blur=&#8220;6px&#8220; global_colors_info=&#8220;{}&#8220;][et_pb_image src=&#8220;https:\/\/globalgrowth.group\/wp-content\/uploads\/2021\/10\/malvasia-project.jpg&#8220; title_text=&#8220;malvasia-project&#8220; _builder_version=&#8220;4.13.1&#8243; _module_preset=&#8220;default&#8220; transform_rotate=&#8220;0deg|0deg|2deg&#8220; box_shadow_style=&#8220;preset1&#8243; box_shadow_blur=&#8220;12px&#8220; global_colors_info=&#8220;{}&#8220;][\/et_pb_image][\/et_pb_column][et_pb_column type=&#8220;3_5&#8243; _builder_version=&#8220;4.11.4&#8243; _module_preset=&#8220;default&#8220; global_colors_info=&#8220;{}&#8220;][et_pb_text _builder_version=&#8220;4.13.1&#8243; _module_preset=&#8220;default&#8220; custom_margin=&#8220;40px||||false|false&#8220; custom_margin_tablet=&#8220;0px||||false|false&#8220; custom_margin_phone=&#8220;0px||||false|false&#8220; custom_margin_last_edited=&#8220;on|phone&#8220; global_colors_info=&#8220;{}&#8220;]<\/p>\n<h4>Den Malvasia-Wein nachbauen<\/h4>\n<p>W\u00e4hrend die Methode verloren ging, blieben ihre Spuren.<\/p>\n<p>Mit moderner Technologie sowie historischen Beweisen war das Monemvasia Winery Tsimbidi entschlossen, die Geheimnisse seiner Entstehung zu entdecken und zur\u00fcckzubringen.<\/p>\n<h4>12 Jahre Forschung<\/h4>\n<p>Es bedurfte der Untersuchung und des Experimentierens mit 14 lokalen Rebsorten und verschiedenen Produktionsmethoden.<\/p>\n<p>Die Ergebnisse haben sich jedoch gelohnt. Im Jahr 2010 wurde der Wein Monemvasia-Malvasia als gU-Produkt anerkannt.<\/p>\n<p>Heute hat der Malvasia-Wein zusammen mit den anderen preisgekr\u00f6nten Weinen der Monemvasia Winery \u00fcber 60 Medaillen und Auszeichnungen bei internationalen Wettbewerben gewonnen.<\/p>\n<p>&nbsp;<\/p>\n<p>[\/et_pb_text][\/et_pb_column][\/et_pb_row][et_pb_row column_structure=&#8220;3_5,2_5&#8243; disabled_on=&#8220;on|on|off&#8220; _builder_version=&#8220;4.14.1&#8243; _module_preset=&#8220;default&#8220; custom_margin=&#8220;0px||||false|false&#8220; custom_padding=&#8220;0px||||false|false&#8220; global_colors_info=&#8220;{}&#8220;][et_pb_column type=&#8220;3_5&#8243; _builder_version=&#8220;4.11.4&#8243; _module_preset=&#8220;default&#8220; global_colors_info=&#8220;{}&#8220;][et_pb_text _builder_version=&#8220;4.13.1&#8243; _module_preset=&#8220;default&#8220; custom_margin=&#8220;40px||||false|false&#8220; custom_margin_tablet=&#8220;0px||||false|false&#8220; custom_margin_phone=&#8220;0px||||false|false&#8220; custom_margin_last_edited=&#8220;on|phone&#8220; global_colors_info=&#8220;{}&#8220;]<\/p>\n<h4>Den Malvasia-Wein nachbauen<\/h4>\n<p>W\u00e4hrend die Methode verloren ging, blieben ihre Spuren.<\/p>\n<p>Mit moderner Technologie sowie historischen Beweisen war das Monemvasia Winery Tsimbidi entschlossen, die Geheimnisse seiner Entstehung zu entdecken und zur\u00fcckzubringen.<\/p>\n<h4>12 Jahre Forschung<\/h4>\n<p>Es bedurfte der Untersuchung und des Experimentierens mit 14 lokalen Rebsorten und verschiedenen Produktionsmethoden.<\/p>\n<p>Die Ergebnisse haben sich jedoch gelohnt. Im Jahr 2010 wurde der Wein Monemvasia-Malvasia als gU-Produkt anerkannt.<\/p>\n<p>Heute hat der Malvasia-Wein zusammen mit den anderen preisgekr\u00f6nten Weinen der Monemvasia Winery \u00fcber 60 Medaillen und Auszeichnungen bei internationalen Wettbewerben gewonnen.<\/p>\n<p>&nbsp;<\/p>\n<p>[\/et_pb_text][\/et_pb_column][et_pb_column type=&#8220;2_5&#8243; _builder_version=&#8220;4.14.1&#8243; _module_preset=&#8220;default&#8220; background_color=&#8220;#92140c&#8220; transform_rotate=&#8220;0deg|0deg|-1deg&#8220; custom_padding=&#8220;2px|2px|2px|2px|true|true&#8220; animation_style=&#8220;slide&#8220; animation_direction=&#8220;right&#8220; animation_intensity_slide=&#8220;30%&#8220; box_shadow_style=&#8220;preset1&#8243; box_shadow_blur=&#8220;6px&#8220; global_colors_info=&#8220;{}&#8220;][et_pb_image src=&#8220;https:\/\/globalgrowth.group\/wp-content\/uploads\/2021\/10\/malvasia-project.jpg&#8220; title_text=&#8220;malvasia-project&#8220; _builder_version=&#8220;4.13.1&#8243; _module_preset=&#8220;default&#8220; transform_rotate=&#8220;0deg|0deg|2deg&#8220; box_shadow_style=&#8220;preset1&#8243; box_shadow_blur=&#8220;12px&#8220; global_colors_info=&#8220;{}&#8220;][\/et_pb_image][\/et_pb_column][\/et_pb_row][\/et_pb_section][et_pb_section fb_built=&#8220;1&#8243; custom_padding_last_edited=&#8220;on|phone&#8220; _builder_version=&#8220;4.13.1&#8243; _module_preset=&#8220;default&#8220; custom_padding_tablet=&#8220;&#8220; custom_padding_phone=&#8220;1px||0px||false|false&#8220; global_colors_info=&#8220;{}&#8220;][et_pb_row column_structure=&#8220;1_2,1_2&#8243; disabled_on=&#8220;off|off|on&#8220; _builder_version=&#8220;4.14.1&#8243; _module_preset=&#8220;default&#8220; global_colors_info=&#8220;{}&#8220;][et_pb_column type=&#8220;1_2&#8243; _builder_version=&#8220;4.11.4&#8243; _module_preset=&#8220;default&#8220; global_colors_info=&#8220;{}&#8220;][et_pb_text _builder_version=&#8220;4.13.1&#8243; _module_preset=&#8220;default&#8220; global_colors_info=&#8220;{}&#8220;]<\/p>\n<h2>Weine vom Heiligen Berg Athos<\/h2>\n<p>Nach dem Untergang des R\u00f6mischen Reiches erlebte der Weinbau eine Phase des Niedergangs und wurde in einigen Gebieten sogar ganz aufgegeben.<\/p>\n<p>Kleriker und M\u00f6nche spielten eine wichtige Rolle bei der Rettung des Weinbaus, da sie den Wein f\u00fcr zeremonielle Zwecke ben\u00f6tigten. Im Byzantinischen Reich \u00fcbernahmen die M\u00f6nche den Anbau der Reben und die Weinproduktion.<\/p>\n<p><span style=\"background-color: #ffffff;font-size: 16px;font-style: inherit\"><\/span><\/p>\n<p>[\/et_pb_text][\/et_pb_column][et_pb_column type=&#8220;1_2&#8243; _builder_version=&#8220;4.14.1&#8243; _module_preset=&#8220;default&#8220; background_color=&#8220;#92140c&#8220; transform_rotate=&#8220;0deg|0deg|2deg&#8220; custom_padding=&#8220;2px|2px|2px|2px|true|true&#8220; animation_style=&#8220;slide&#8220; animation_direction=&#8220;right&#8220; animation_intensity_slide=&#8220;30%&#8220; box_shadow_style=&#8220;preset1&#8243; box_shadow_blur=&#8220;6px&#8220; global_colors_info=&#8220;{}&#8220;][et_pb_image src=&#8220;https:\/\/globalgrowth.group\/wp-content\/uploads\/2021\/11\/agion-oros.jpg&#8220; title_text=&#8220;agion-oros&#8220; _builder_version=&#8220;4.13.1&#8243; _module_preset=&#8220;default&#8220; transform_rotate=&#8220;0deg|0deg|-2deg&#8220; box_shadow_style=&#8220;preset1&#8243; box_shadow_blur=&#8220;12px&#8220; global_colors_info=&#8220;{}&#8220;][\/et_pb_image][\/et_pb_column][\/et_pb_row][et_pb_row column_structure=&#8220;1_2,1_2&#8243; disabled_on=&#8220;on|on|off&#8220; _builder_version=&#8220;4.14.1&#8243; _module_preset=&#8220;default&#8220; global_colors_info=&#8220;{}&#8220;][et_pb_column type=&#8220;1_2&#8243; _builder_version=&#8220;4.14.1&#8243; _module_preset=&#8220;default&#8220; background_color=&#8220;#92140c&#8220; transform_rotate=&#8220;0deg|0deg|2deg&#8220; custom_padding=&#8220;2px|2px|2px|2px|true|true&#8220; animation_style=&#8220;slide&#8220; animation_direction=&#8220;left&#8220; animation_intensity_slide=&#8220;30%&#8220; box_shadow_style=&#8220;preset1&#8243; box_shadow_blur=&#8220;6px&#8220; global_colors_info=&#8220;{}&#8220;][et_pb_image src=&#8220;https:\/\/globalgrowth.group\/wp-content\/uploads\/2021\/11\/agion-oros.jpg&#8220; title_text=&#8220;agion-oros&#8220; _builder_version=&#8220;4.13.1&#8243; _module_preset=&#8220;default&#8220; transform_rotate=&#8220;0deg|0deg|-2deg&#8220; box_shadow_style=&#8220;preset1&#8243; box_shadow_blur=&#8220;12px&#8220; global_colors_info=&#8220;{}&#8220;][\/et_pb_image][\/et_pb_column][et_pb_column type=&#8220;1_2&#8243; _builder_version=&#8220;4.11.4&#8243; _module_preset=&#8220;default&#8220; global_colors_info=&#8220;{}&#8220;][et_pb_text _builder_version=&#8220;4.13.1&#8243; _module_preset=&#8220;default&#8220; custom_padding=&#8220;55px|||0px|false|false&#8220; global_colors_info=&#8220;{}&#8220;]<\/p>\n<h2>Weine vom Heiligen Berg Athos<\/h2>\n<p>Nach dem Untergang des R\u00f6mischen Reiches erlebte der Weinbau eine Phase des Niedergangs und wurde in einigen Gebieten sogar ganz aufgegeben.<\/p>\n<p>Kleriker und M\u00f6nche spielten eine wichtige Rolle bei der Rettung des Weinbaus, da sie den Wein f\u00fcr zeremonielle Zwecke ben\u00f6tigten. Im Byzantinischen Reich \u00fcbernahmen die M\u00f6nche den Anbau der Reben und die Weinproduktion.<\/p>\n<p><span style=\"background-color: #ffffff;font-size: 16px;font-style: inherit\"><\/span><\/p>\n<p>[\/et_pb_text][\/et_pb_column][\/et_pb_row][et_pb_row column_structure=&#8220;1_2,1_2&#8243; _builder_version=&#8220;4.14.1&#8243; _module_preset=&#8220;default&#8220; custom_padding=&#8220;100px||||false|false&#8220; global_colors_info=&#8220;{}&#8220;][et_pb_column type=&#8220;1_2&#8243; _builder_version=&#8220;4.11.4&#8243; _module_preset=&#8220;default&#8220; global_colors_info=&#8220;{}&#8220;][et_pb_text _builder_version=&#8220;4.13.1&#8243; _module_preset=&#8220;default&#8220; custom_margin=&#8220;-70px||||false|false&#8220; global_colors_info=&#8220;{}&#8220;]<\/p>\n<h4>Traditionell, rein und organisch<\/h4>\n<p>Das hervorragende Mikroklima der Halbinsel Athos ist f\u00fcr die M\u00f6nche eine gro\u00dfe Hilfe, da es vor industrieller Verschmutzung und jeder Art von menschlichem Eingriff gesch\u00fctzt ist. Es bietet auch ideale Bodenbedingungen f\u00fcr die Herstellung hochwertiger Weine mit einzigartigem Geschmack. <\/p>\n<p><span style=\"font-weight: 400\">Das Heilige und Gro\u00dfe Kloster von Vatopaidi verf\u00fcgt \u00fcber biologisch angebaute Weinberge, die mit der DIO-Bioprodukte-Zertifizierung ausgezeichnet wurden, sowie \u00fcber ein hochmodernes Weingut, eine separate Brennerei und einen Verkostungsraum.<\/span><\/p>\n<p>Die gut erhaltenen alten Holztanks (Paravoutes) und die F\u00e4sser neben den modernen Kellereien des Klosters erinnern an die Weintradition von Vatopaidi. <span style=\"font-weight: 400\">Der Anbau und die Ernte der Trauben, die Weinherstellung und der Alterungsprozess erfolgen mit gr\u00f6\u00dftem Respekt vor der kl\u00f6sterlichen und antiken griechischen Tradition, einem wunderbaren Geschenk des heiligen Landes Athos.<\/span><\/p>\n<p><span style=\"background-color: #ffffff;font-size: 16px;font-style: inherit\"><\/span><\/p>\n<p>[\/et_pb_text][\/et_pb_column][et_pb_column type=&#8220;1_2&#8243; disabled_on=&#8220;on|off|off&#8220; _builder_version=&#8220;4.14.1&#8243; _module_preset=&#8220;default&#8220; background_color=&#8220;#92140c&#8220; transform_rotate=&#8220;0deg|0deg|-2deg&#8220; custom_padding=&#8220;2px|2px|2px|2px|true|true&#8220; animation_style=&#8220;slide&#8220; animation_direction=&#8220;right&#8220; animation_intensity_slide=&#8220;30%&#8220; box_shadow_style=&#8220;preset1&#8243; box_shadow_blur=&#8220;6px&#8220; global_colors_info=&#8220;{}&#8220;][et_pb_image src=&#8220;https:\/\/globalgrowth.group\/wp-content\/uploads\/2021\/11\/viticulture.jpg&#8220; title_text=&#8220;CREATOR: gd-jpeg v1.0 (using IJG JPEG v62), quality = 82&#8243; _builder_version=&#8220;4.13.1&#8243; _module_preset=&#8220;default&#8220; transform_rotate=&#8220;0deg|0deg|2deg&#8220; box_shadow_style=&#8220;preset1&#8243; box_shadow_blur=&#8220;12px&#8220; global_colors_info=&#8220;{}&#8220;][\/et_pb_image][\/et_pb_column][\/et_pb_row][\/et_pb_section][et_pb_section fb_built=&#8220;1&#8243; custom_padding_last_edited=&#8220;off|phone&#8220; _builder_version=&#8220;4.13.1&#8243; _module_preset=&#8220;default&#8220; custom_padding=&#8220;0px||||false|false&#8220; global_colors_info=&#8220;{}&#8220;][et_pb_row _builder_version=&#8220;4.13.1&#8243; _module_preset=&#8220;default&#8220; global_colors_info=&#8220;{}&#8220;][et_pb_column type=&#8220;4_4&#8243; _builder_version=&#8220;4.13.1&#8243; _module_preset=&#8220;default&#8220; global_colors_info=&#8220;{}&#8220;][et_pb_text _builder_version=&#8220;4.12.0&#8243; _module_preset=&#8220;default&#8220; header_3_text_align=&#8220;center&#8220; header_5_font=&#8220;Noto Serif||||||||&#8220; header_5_text_align=&#8220;center&#8220; custom_margin=&#8220;||0px||false|false&#8220; global_colors_info=&#8220;{}&#8220; custom_padding__hover_enabled=&#8220;off|desktop&#8220;]<\/p>\n<h3 style=\"text-align: center\">Entdecken Sie unsere verschiedenen Weine<\/h3>\n<p>[\/et_pb_text][et_pb_button button_url=&#8220;@ET-DC@eyJkeW5hbWljIjp0cnVlLCJjb250ZW50IjoicG9zdF9saW5rX3VybF9wYWdlIiwic2V0dGluZ3MiOnsicG9zdF9pZCI6IjgxNyJ9fQ==@&#8220; button_text=&#8220;Holen Sie sich unseren Gesamtkatalog&#8220; button_alignment=&#8220;center&#8220; _builder_version=&#8220;4.14.1&#8243; _dynamic_attributes=&#8220;button_url&#8220; _module_preset=&#8220;default&#8220; custom_button=&#8220;on&#8220; button_bg_color=&#8220;#92140c&#8220; button_border_radius=&#8220;100px&#8220; button_letter_spacing=&#8220;1px&#8220; button_font=&#8220;Noto Serif||on||||||&#8220; button_icon=&#8220;&#x35;||divi||400&#8243; button_on_hover=&#8220;off&#8220; background_layout=&#8220;dark&#8220; custom_padding=&#8220;20px|55px|20px|40px|true|false&#8220; animation_style=&#8220;slide&#8220; animation_intensity_slide=&#8220;10%&#8220; box_shadow_style=&#8220;preset1&#8243; box_shadow_blur=&#8220;4px&#8220; global_colors_info=&#8220;{}&#8220; button_letter_spacing__hover_enabled=&#8220;off|desktop&#8220; button_letter_spacing__hover=&#8220;2px&#8220; box_shadow_blur__hover_enabled=&#8220;on|hover&#8220; box_shadow_blur__hover=&#8220;12px&#8220;][\/et_pb_button][\/et_pb_column][\/et_pb_row][\/et_pb_section]<\/p>\n","protected":false},"excerpt":{"rendered":"<p>Weine Unsere Weine haben ihre eigenen Geschichten zu erz\u00e4hlen. Geschichten \u00fcber Tradition und guten Geschmack.Der verlorene Wein der Malvasia Im Mittelalter liebten die venezianischen Kaufleute den Handel mit diesem Malvasia-Wein so sehr, dass die Handelsweingesch\u00e4fte in Venedig als Malvasiebekannt waren. Auch heute noch gibt es mehr als genug Weing\u00fcter, die ihre eigenen Malvasia-Sorten produzieren. Aber [&hellip;]<\/p>\n","protected":false},"author":5,"featured_media":0,"parent":0,"menu_order":0,"comment_status":"closed","ping_status":"closed","template":"","meta":{"_et_pb_use_builder":"on","_et_pb_old_content":"","_et_gb_content_width":"","footnotes":"","_joinchat":[]},"_links":{"self":[{"href":"https:\/\/globalgrowth.group\/de\/wp-json\/wp\/v2\/pages\/2721"}],"collection":[{"href":"https:\/\/globalgrowth.group\/de\/wp-json\/wp\/v2\/pages"}],"about":[{"href":"https:\/\/globalgrowth.group\/de\/wp-json\/wp\/v2\/types\/page"}],"author":[{"embeddable":true,"href":"https:\/\/globalgrowth.group\/de\/wp-json\/wp\/v2\/users\/5"}],"replies":[{"embeddable":true,"href":"https:\/\/globalgrowth.group\/de\/wp-json\/wp\/v2\/comments?post=2721"}],"version-history":[{"count":5,"href":"https:\/\/globalgrowth.group\/de\/wp-json\/wp\/v2\/pages\/2721\/revisions"}],"predecessor-version":[{"id":2728,"href":"https:\/\/globalgrowth.group\/de\/wp-json\/wp\/v2\/pages\/2721\/revisions\/2728"}],"wp:attachment":[{"href":"https:\/\/globalgrowth.group\/de\/wp-json\/wp\/v2\/media?parent=2721"}],"curies":[{"name":"wp","href":"https:\/\/api.w.org\/{rel}","templated":true}]}}