{"id":1715,"date":"2021-11-15T10:36:35","date_gmt":"2021-11-15T08:36:35","guid":{"rendered":"https:\/\/globalgrowth.group\/aquakultur\/"},"modified":"2021-11-18T06:07:39","modified_gmt":"2021-11-18T04:07:39","slug":"aquakultur","status":"publish","type":"page","link":"https:\/\/globalgrowth.group\/de\/aquakultur\/","title":{"rendered":"Aquakultur"},"content":{"rendered":"<p>[et_pb_section fb_built=&#8220;1&#8243; admin_label=&#8220;Mission&#8220; _builder_version=&#8220;4.13.1&#8243; _module_preset=&#8220;default&#8220; locked=&#8220;off&#8220; global_colors_info=&#8220;{}&#8220;][et_pb_row _builder_version=&#8220;4.13.1&#8243; _module_preset=&#8220;default&#8220; hover_enabled=&#8220;0&#8243; global_colors_info=&#8220;{}&#8220; custom_padding__hover_enabled=&#8220;off|hover&#8220; sticky_enabled=&#8220;0&#8243; custom_padding=&#8220;||||false|false&#8220; custom_margin=&#8220;||||false|false&#8220;][et_pb_column type=&#8220;4_4&#8243; _builder_version=&#8220;4.13.1&#8243; _module_preset=&#8220;default&#8220; hover_enabled=&#8220;0&#8243; global_colors_info=&#8220;{}&#8220; custom_padding=&#8220;||||false|false&#8220; sticky_enabled=&#8220;0&#8243;][et_pb_text _builder_version=&#8220;4.12.1&#8243; _module_preset=&#8220;default&#8220; global_colors_info=&#8220;{}&#8220;]<\/p>\n<h1>Griechischer Fisch aus Aquakultur<\/h1>\n<p>Begeistern Sie Ihre Kunden mit einem Hauch von Griechenland.<\/p>\n<p>[\/et_pb_text][\/et_pb_column][\/et_pb_row][et_pb_row column_structure=&#8220;1_2,1_2&#8243; _builder_version=&#8220;4.13.1&#8243; _module_preset=&#8220;default&#8220; custom_padding=&#8220;75px|||||&#8220; hover_enabled=&#8220;0&#8243; global_colors_info=&#8220;{}&#8220; custom_padding_last_edited=&#8220;on|phone&#8220; sticky_enabled=&#8220;0&#8243; custom_padding_tablet=&#8220;0px||0px||false|false&#8220; custom_padding_phone=&#8220;0px||0px||false|false&#8220;][et_pb_column type=&#8220;1_2&#8243; _builder_version=&#8220;4.13.1&#8243; _module_preset=&#8220;default&#8220; background_color=&#8220;#343884&#8243; transform_rotate=&#8220;0deg|0deg|2deg&#8220; hover_enabled=&#8220;0&#8243; border_color_all=&#8220;#FFFFFF&#8220; global_colors_info=&#8220;{}&#8220; sticky_enabled=&#8220;0&#8243;][et_pb_image src=&#8220;http:\/\/globalgrowth.group\/wp-content\/uploads\/2021\/11\/DJI_0006-1024&#215;767-1.jpg&#8220; title_text=&#8220;created by dji camera&#8220; _builder_version=&#8220;4.12.1&#8243; _module_preset=&#8220;default&#8220; transform_rotate=&#8220;0deg|0deg|-3deg&#8220; custom_margin=&#8220;2px|2px|2px|2px|true|true&#8220; border_color_all=&#8220;#FFFFFF&#8220; global_colors_info=&#8220;{}&#8220;][\/et_pb_image][\/et_pb_column][et_pb_column type=&#8220;1_2&#8243; _builder_version=&#8220;4.13.1&#8243; _module_preset=&#8220;default&#8220; hover_enabled=&#8220;0&#8243; global_colors_info=&#8220;{}&#8220; sticky_enabled=&#8220;0&#8243;][et_pb_text _builder_version=&#8220;4.13.1&#8243; _module_preset=&#8220;default&#8220; custom_margin=&#8220;-69px|||||&#8220; custom_padding=&#8220;5px|||0px|false|false&#8220; hover_enabled=&#8220;0&#8243; global_colors_info=&#8220;{}&#8220; sticky_enabled=&#8220;0&#8243; custom_margin_last_edited=&#8220;on|phone&#8220; custom_margin_phone=&#8220;0px||||false|false&#8220; custom_margin_tablet=&#8220;0px||||false|false&#8220;]<\/p>\n<h2>Wir sind was wir essen<\/h2>\n<p>Mit der j\u00fcngsten globalen Welle des Lebensmittelbewusstseins wenden sich die Kunden von ungesunden Lebensmitteln ab und suchen sowohl nach Qualit\u00e4t als auch nach Geschmack.<\/p>\n<p>Fisch war schon immer ein wichtiger Bestandteil der mediterranen Ern\u00e4hrung. Seit der Antike ein Grundnahrungsmittel f\u00fcr jede Nation der Welt mit Zugang zum Meer, erlebt Fisch nach dem Zeitalter des Fastfoods ein Comeback.<\/p>\n<p>Gez\u00fcchtet vor der K\u00fcste der Inseln Eub\u00f6a, Andros, Korfu und der Halbinsel Athos des Gro\u00dfen und Heiligen Klosters, unsere Fische wachsen in einer idealen Umgebung und werden mit den besten Bio-Futtern gef\u00fcttert. Ihre Qualit\u00e4t und ihr Geschmack sind garantiert.<\/p>\n<h4>Fragen Sie uns nach ihren Zertifizierungen!<\/h4>\n<p>Unsere Fischfarmen sind umweltfreundlich &#8211; unsere Partner wenden immer die besten Praktiken an, um sicherzustellen, dass ihr lokales nat\u00fcrliches \u00d6kosystem nicht gest\u00f6rt wird.<span style=\"font-size: 16px; font-style: inherit; font-variant-ligatures: inherit; font-variant-caps: inherit;\"><\/span><\/p>\n<p><span style=\"background-color: #ffffff; font-size: 16px; font-style: inherit; font-variant-ligatures: inherit; font-variant-caps: inherit;\"><\/span><\/p>\n<p>[\/et_pb_text][\/et_pb_column][\/et_pb_row][et_pb_row _builder_version=&#8220;4.13.0&#8243; _module_preset=&#8220;default&#8220; custom_padding=&#8220;||0px|||&#8220; global_colors_info=&#8220;{}&#8220;][et_pb_column type=&#8220;4_4&#8243; _builder_version=&#8220;4.13.0&#8243; _module_preset=&#8220;default&#8220; global_colors_info=&#8220;{}&#8220;][et_pb_text _builder_version=&#8220;4.13.0&#8243; _module_preset=&#8220;default&#8220; global_colors_info=&#8220;{}&#8220;]<\/p>\n<h5>Unsere beliebtesten Fische<\/h5>\n<p>[\/et_pb_text][\/et_pb_column][\/et_pb_row][et_pb_row column_structure=&#8220;1_4,1_4,1_4,1_4&#8243; _builder_version=&#8220;4.13.1&#8243; _module_preset=&#8220;default&#8220; locked=&#8220;off&#8220; global_colors_info=&#8220;{}&#8220;][et_pb_column type=&#8220;1_4&#8243; _builder_version=&#8220;4.13.1&#8243; _module_preset=&#8220;default&#8220; global_colors_info=&#8220;{}&#8220;][dipl_floating_image _builder_version=&#8220;4.13.1&#8243; _module_preset=&#8220;default&#8220; height=&#8220;75px&#8220; custom_padding=&#8220;||0px|||&#8220; global_colors_info=&#8220;{}&#8220;][dipl_floating_image_item image=&#8220;http:\/\/globalgrowth.group\/wp-content\/uploads\/2021\/11\/red-sea-bream-1.png&#8220; _builder_version=&#8220;4.13.1&#8243; _module_preset=&#8220;default&#8220; global_colors_info=&#8220;{}&#8220;][\/dipl_floating_image_item][\/dipl_floating_image][et_pb_text _builder_version=&#8220;4.13.1&#8243; _module_preset=&#8220;default&#8220; text_orientation=&#8220;center&#8220; module_alignment=&#8220;center&#8220; global_colors_info=&#8220;{}&#8220;]<\/p>\n<h4 style=\"text-align: center;\">Rotbrasse\/Sackbrasse<\/h4>\n<p style=\"text-align: center;\">Pagrus pagrus<\/p>\n<p>[\/et_pb_text][\/et_pb_column][et_pb_column type=&#8220;1_4&#8243; _builder_version=&#8220;4.13.1&#8243; _module_preset=&#8220;default&#8220; global_colors_info=&#8220;{}&#8220;][dipl_floating_image _builder_version=&#8220;4.13.1&#8243; _module_preset=&#8220;default&#8220; height=&#8220;75px&#8220; custom_padding=&#8220;||0px|||&#8220; global_colors_info=&#8220;{}&#8220;][dipl_floating_image_item image=&#8220;http:\/\/globalgrowth.group\/wp-content\/uploads\/2021\/11\/seabream-1.png&#8220; _builder_version=&#8220;4.13.1&#8243; _module_preset=&#8220;default&#8220; global_colors_info=&#8220;{}&#8220;][\/dipl_floating_image_item][\/dipl_floating_image][et_pb_text _builder_version=&#8220;4.13.1&#8243; _module_preset=&#8220;default&#8220; text_orientation=&#8220;center&#8220; module_alignment=&#8220;center&#8220; global_colors_info=&#8220;{}&#8220;]<\/p>\n<h4 style=\"text-align: center;\">Dorade\/Goldbrasse<\/h4>\n<p style=\"text-align: center;\">Sparus aurata<\/p>\n<p>[\/et_pb_text][\/et_pb_column][et_pb_column type=&#8220;1_4&#8243; _builder_version=&#8220;4.13.1&#8243; _module_preset=&#8220;default&#8220; global_colors_info=&#8220;{}&#8220;][dipl_floating_image _builder_version=&#8220;4.13.1&#8243; _module_preset=&#8220;default&#8220; height=&#8220;75px&#8220; custom_padding=&#8220;||0px|||&#8220; global_colors_info=&#8220;{}&#8220;][dipl_floating_image_item image=&#8220;http:\/\/globalgrowth.group\/wp-content\/uploads\/2021\/11\/seabass-1.png&#8220; _builder_version=&#8220;4.13.1&#8243; _module_preset=&#8220;default&#8220; global_colors_info=&#8220;{}&#8220;][\/dipl_floating_image_item][\/dipl_floating_image][et_pb_text _builder_version=&#8220;4.13.1&#8243; _module_preset=&#8220;default&#8220; text_orientation=&#8220;center&#8220; module_alignment=&#8220;center&#8220; global_colors_info=&#8220;{}&#8220;]<\/p>\n<h4 style=\"text-align: center;\">Wolfsbarsch\/Seebarsch<\/h4>\n<p style=\"text-align: center;\">Dicentrarchus labrax<\/p>\n<p>[\/et_pb_text][\/et_pb_column][et_pb_column type=&#8220;1_4&#8243; _builder_version=&#8220;4.13.1&#8243; _module_preset=&#8220;default&#8220; global_colors_info=&#8220;{}&#8220;][dipl_floating_image _builder_version=&#8220;4.13.1&#8243; _module_preset=&#8220;default&#8220; height=&#8220;75px&#8220; custom_padding=&#8220;||0px|||&#8220; global_colors_info=&#8220;{}&#8220;][dipl_floating_image_item image=&#8220;http:\/\/globalgrowth.group\/wp-content\/uploads\/2021\/11\/meagre-1.png&#8220; _builder_version=&#8220;4.13.1&#8243; _module_preset=&#8220;default&#8220; global_colors_info=&#8220;{}&#8220;][\/dipl_floating_image_item][\/dipl_floating_image][et_pb_text _builder_version=&#8220;4.13.1&#8243; _module_preset=&#8220;default&#8220; text_orientation=&#8220;center&#8220; module_alignment=&#8220;center&#8220; global_colors_info=&#8220;{}&#8220;]<\/p>\n<h4 style=\"text-align: center;\">Adlerfisch\/Umberfisch<\/h4>\n<p style=\"text-align: center;\">Argyrosomus regius<\/p>\n<p>[\/et_pb_text][\/et_pb_column][\/et_pb_row][\/et_pb_section][et_pb_section fb_built=&#8220;1&#8243; _builder_version=&#8220;4.12.1&#8243; _module_preset=&#8220;default&#8220; global_colors_info=&#8220;{}&#8220;][et_pb_row column_structure=&#8220;2_5,3_5&#8243; _builder_version=&#8220;4.12.1&#8243; _module_preset=&#8220;default&#8220; custom_padding=&#8220;16px|||||&#8220; global_colors_info=&#8220;{}&#8220;][et_pb_column type=&#8220;2_5&#8243; _builder_version=&#8220;4.12.1&#8243; _module_preset=&#8220;default&#8220; global_colors_info=&#8220;{}&#8220;][et_pb_text _builder_version=&#8220;4.12.1&#8243; _module_preset=&#8220;default&#8220; custom_margin=&#8220;-50px||||false|false&#8220; custom_padding=&#8220;74px|||0px|false|false&#8220; global_colors_info=&#8220;{}&#8220;]<\/p>\n<h2>Gro\u00dfe Fische<\/h2>\n<p>Gro\u00dfe Fische sorgen f\u00fcr beeindruckende, schmackhafte und kosteng\u00fcnstige Gerichte \u2013 ideal f\u00fcr Restaurants, Catering-Dienste und Hotels.<span style=\"font-size: 16px; font-style: inherit; font-variant-ligatures: inherit; font-variant-caps: inherit;\"><\/span><\/p>\n<p>Sie k\u00f6nnen gegrillt, gef\u00fcllt, gekocht, f\u00fcr Sushi und andere spezielle Kochbed\u00fcrfnisse verwendet werden.<\/p>\n<p><span style=\"background-color: #ffffff; font-size: 16px; font-style: inherit; font-variant-ligatures: inherit; font-variant-caps: inherit;\"><\/span><\/p>\n<p>[\/et_pb_text][\/et_pb_column][et_pb_column type=&#8220;3_5&#8243; _builder_version=&#8220;4.12.1&#8243; _module_preset=&#8220;default&#8220; background_color=&#8220;#343884&#8243; transform_rotate=&#8220;0deg|0deg|-1.5deg&#8220; global_colors_info=&#8220;{}&#8220;][et_pb_image src=&#8220;http:\/\/globalgrowth.group\/wp-content\/uploads\/2021\/11\/image3.jpg&#8220; title_text=&#8220;image3&#8243; _builder_version=&#8220;4.12.1&#8243; _module_preset=&#8220;default&#8220; transform_rotate=&#8220;0deg|0deg|2deg&#8220; width=&#8220;100%&#8220; module_alignment=&#8220;center&#8220; custom_padding=&#8220;3px|3px|3px|3px|true|true&#8220; global_colors_info=&#8220;{}&#8220;][\/et_pb_image][\/et_pb_column][\/et_pb_row][\/et_pb_section][et_pb_section fb_built=&#8220;1&#8243; _builder_version=&#8220;4.13.0&#8243; _module_preset=&#8220;default&#8220; custom_padding=&#8220;0px||||false|false&#8220; global_colors_info=&#8220;{}&#8220;][et_pb_row column_structure=&#8220;1_4,1_2,1_4&#8243; _builder_version=&#8220;4.13.1&#8243; _module_preset=&#8220;default&#8220; global_colors_info=&#8220;{}&#8220;][et_pb_column type=&#8220;1_4&#8243; _builder_version=&#8220;4.13.1&#8243; _module_preset=&#8220;default&#8220; global_colors_info=&#8220;{}&#8220;][\/et_pb_column][et_pb_column type=&#8220;1_2&#8243; _builder_version=&#8220;4.13.1&#8243; _module_preset=&#8220;default&#8220; global_colors_info=&#8220;{}&#8220;][et_pb_button button_text=&#8220;Holen Sie sich den vollst\u00e4ndigen Katalog&#8220; button_alignment=&#8220;center&#8220; _builder_version=&#8220;4.13.1&#8243; _module_preset=&#8220;default&#8220; custom_button=&#8220;on&#8220; button_bg_color=&#8220;#343884&#8243; button_border_radius=&#8220;100px&#8220; button_letter_spacing=&#8220;1px&#8220; button_font=&#8220;Noto Serif||on||||||&#8220; button_icon=&#8220;&#x35;||divi||400&#8243; button_on_hover=&#8220;off&#8220; background_layout=&#8220;dark&#8220; custom_padding=&#8220;20px|55px|20px|40px|true|false&#8220; box_shadow_style=&#8220;preset1&#8243; box_shadow_blur=&#8220;4px&#8220; global_colors_info=&#8220;{}&#8220; button_letter_spacing__hover_enabled=&#8220;off|desktop&#8220; button_letter_spacing__hover=&#8220;2px&#8220; box_shadow_blur__hover_enabled=&#8220;on|hover&#8220; box_shadow_blur__hover=&#8220;12px&#8220;][\/et_pb_button][\/et_pb_column][et_pb_column type=&#8220;1_4&#8243; _builder_version=&#8220;4.13.1&#8243; _module_preset=&#8220;default&#8220; global_colors_info=&#8220;{}&#8220;][\/et_pb_column][\/et_pb_row][\/et_pb_section]<\/p>\n","protected":false},"excerpt":{"rendered":"<p>Griechischer Fisch aus Aquakultur Begeistern Sie Ihre Kunden mit einem Hauch von Griechenland.Wir sind was wir essen Mit der j\u00fcngsten globalen Welle des Lebensmittelbewusstseins wenden sich die Kunden von ungesunden Lebensmitteln ab und suchen sowohl nach Qualit\u00e4t als auch nach Geschmack. Fisch war schon immer ein wichtiger Bestandteil der mediterranen Ern\u00e4hrung. Seit der Antike ein [&hellip;]<\/p>\n","protected":false},"author":5,"featured_media":0,"parent":0,"menu_order":0,"comment_status":"closed","ping_status":"closed","template":"","meta":{"_et_pb_use_builder":"on","_et_pb_old_content":"","_et_gb_content_width":"","footnotes":"","_joinchat":[]},"_links":{"self":[{"href":"https:\/\/globalgrowth.group\/de\/wp-json\/wp\/v2\/pages\/1715"}],"collection":[{"href":"https:\/\/globalgrowth.group\/de\/wp-json\/wp\/v2\/pages"}],"about":[{"href":"https:\/\/globalgrowth.group\/de\/wp-json\/wp\/v2\/types\/page"}],"author":[{"embeddable":true,"href":"https:\/\/globalgrowth.group\/de\/wp-json\/wp\/v2\/users\/5"}],"replies":[{"embeddable":true,"href":"https:\/\/globalgrowth.group\/de\/wp-json\/wp\/v2\/comments?post=1715"}],"version-history":[{"count":5,"href":"https:\/\/globalgrowth.group\/de\/wp-json\/wp\/v2\/pages\/1715\/revisions"}],"predecessor-version":[{"id":1872,"href":"https:\/\/globalgrowth.group\/de\/wp-json\/wp\/v2\/pages\/1715\/revisions\/1872"}],"wp:attachment":[{"href":"https:\/\/globalgrowth.group\/de\/wp-json\/wp\/v2\/media?parent=1715"}],"curies":[{"name":"wp","href":"https:\/\/api.w.org\/{rel}","templated":true}]}}