{"id":1705,"date":"2021-11-15T10:21:12","date_gmt":"2021-11-15T08:21:12","guid":{"rendered":"https:\/\/globalgrowth.group\/wilder-fisch\/"},"modified":"2022-02-09T16:40:08","modified_gmt":"2022-02-09T14:40:08","slug":"wilder-fisch","status":"publish","type":"page","link":"https:\/\/globalgrowth.group\/de\/wilder-fisch\/","title":{"rendered":"Wilder Fisch"},"content":{"rendered":"<p>[et_pb_section fb_built=&#8220;1&#8243; admin_label=&#8220;Mission&#8220; _builder_version=&#8220;4.9.10&#8243; _module_preset=&#8220;default&#8220; custom_padding=&#8220;||0px|||&#8220; locked=&#8220;off&#8220; global_colors_info=&#8220;{}&#8220;][et_pb_row _builder_version=&#8220;4.11.4&#8243; _module_preset=&#8220;default&#8220; global_colors_info=&#8220;{}&#8220;][et_pb_column type=&#8220;4_4&#8243; _builder_version=&#8220;4.11.4&#8243; _module_preset=&#8220;default&#8220; global_colors_info=&#8220;{}&#8220;][et_pb_text _builder_version=&#8220;4.11.4&#8243; _module_preset=&#8220;default&#8220; global_colors_info=&#8220;{}&#8220;]<\/p>\n<h1>Wilder Fisch<\/h1>\n<p>Unser griechischer Fisch* ist sowohl schmackhaft als auch gesund und bringt ein einzigartiges Esserlebnis auf jeden Tisch.<\/p>\n<p>[\/et_pb_text][\/et_pb_column][\/et_pb_row][et_pb_row column_structure=&#8220;2_5,3_5&#8243; _builder_version=&#8220;4.14.1&#8243; _module_preset=&#8220;default&#8220; global_colors_info=&#8220;{}&#8220;][et_pb_column type=&#8220;2_5&#8243; _builder_version=&#8220;4.14.1&#8243; _module_preset=&#8220;default&#8220; background_color=&#8220;#190933&#8243; transform_rotate=&#8220;0deg|0deg|2deg&#8220; animation_style=&#8220;slide&#8220; animation_direction=&#8220;left&#8220; animation_intensity_slide=&#8220;30%&#8220; box_shadow_style=&#8220;preset1&#8243; box_shadow_blur=&#8220;6px&#8220; global_colors_info=&#8220;{}&#8220;][et_pb_image src=&#8220;http:\/\/globalgrowth.group\/wp-content\/uploads\/2021\/10\/krisztian-tabori-91hGAhPmKrY-unsplash.jpg&#8220; title_text=&#8220;Fischernetze&#8220; _builder_version=&#8220;4.13.1&#8243; _module_preset=&#8220;default&#8220; transform_rotate=&#8220;0deg|0deg|-2deg&#8220; custom_padding=&#8220;||||false|false&#8220; box_shadow_style=&#8220;preset1&#8243; box_shadow_blur=&#8220;12px&#8220; global_colors_info=&#8220;{}&#8220;][\/et_pb_image][\/et_pb_column][et_pb_column type=&#8220;3_5&#8243; _builder_version=&#8220;4.11.4&#8243; _module_preset=&#8220;default&#8220; global_colors_info=&#8220;{}&#8220;][et_pb_text _builder_version=&#8220;4.14.1&#8243; _module_preset=&#8220;default&#8220; animation_direction=&#8220;bottom&#8220; global_colors_info=&#8220;{}&#8220;]<\/p>\n<h2>Frisch gefischt<\/h2>\n<p>Die Wildfische des Mittelmeeres sind nicht nur Nahrung. Fisch zu essen ist eine menschliche Gewohnheit, die weit vor der aufgezeichneten Geschichte zur\u00fcckreicht Es ist Teil der Kultur jeder K\u00fcstenzivilisation, die sich in unz\u00e4hligen traditionellen und modernen Gerichten ausdr\u00fcckt.<\/p>\n<p>Unsere Wildfische sind so frisch wie es nur geht -es sind Fische, die gerade gefangen wurden.<\/p>\n<p>Um dies zu erreichen, verf\u00fcgen wir \u00fcber ein breites Netzwerk lokaler Fischer. So ist es m\u00f6glich, bestimmte Auftr\u00e4ge zeitnah zu erf\u00fcllen. Nat\u00fcrlich gibt es noch einige Einschr\u00e4nkungen in ihrer Verf\u00fcgbarkeit, abh\u00e4ngig von ihren Fortpflanzungszyklen und den staatlichen Fischereigesetzen.<\/p>\n<p>Ihre Kunden werden unseren Fisch und die Gerichte, die Sie damit versorgen k\u00f6nnen, lieben.<\/p>\n<p><em>*Gefangen in den Gew\u00e4ssern des Mittelmeers, insbesondere in Griechenland (FAO-Gebiet 37.3.1).<\/em><\/p>\n<p><span style=\"font-size: 16px;font-style: inherit\"><\/span><\/p>\n<p><span style=\"background-color: #ffffff;font-size: 16px;font-style: inherit\"><\/span><\/p>\n<p>[\/et_pb_text][\/et_pb_column][\/et_pb_row][\/et_pb_section][et_pb_section fb_built=&#8220;1&#8243; _builder_version=&#8220;4.13.1&#8243; _module_preset=&#8220;default&#8220; global_colors_info=&#8220;{}&#8220;][et_pb_row _builder_version=&#8220;4.13.0&#8243; _module_preset=&#8220;default&#8220; custom_padding=&#8220;||0px|||&#8220; locked=&#8220;off&#8220; global_colors_info=&#8220;{}&#8220;][et_pb_column type=&#8220;4_4&#8243; _builder_version=&#8220;4.13.0&#8243; _module_preset=&#8220;default&#8220; global_colors_info=&#8220;{}&#8220;][et_pb_text _builder_version=&#8220;4.13.0&#8243; _module_preset=&#8220;default&#8220; global_colors_info=&#8220;{}&#8220;]<\/p>\n<h5>Unsere beliebtesten Fische<\/h5>\n<p>[\/et_pb_text][\/et_pb_column][\/et_pb_row][et_pb_row column_structure=&#8220;1_4,1_4,1_4,1_4&#8243; _builder_version=&#8220;4.13.1&#8243; _module_preset=&#8220;default&#8220; global_colors_info=&#8220;{}&#8220;][et_pb_column type=&#8220;1_4&#8243; _builder_version=&#8220;4.13.1&#8243; _module_preset=&#8220;default&#8220; global_colors_info=&#8220;{}&#8220;][dipl_floating_image _builder_version=&#8220;4.13.1&#8243; _module_preset=&#8220;default&#8220; height=&#8220;50px&#8220; custom_padding=&#8220;||0px|||&#8220; global_colors_info=&#8220;{}&#8220;][dipl_floating_image_item image=&#8220;http:\/\/globalgrowth.group\/wp-content\/uploads\/2021\/11\/magiatiko-1.png&#8220; _builder_version=&#8220;4.13.1&#8243; _module_preset=&#8220;default&#8220; global_colors_info=&#8220;{}&#8220;][\/dipl_floating_image_item][\/dipl_floating_image][et_pb_text _builder_version=&#8220;4.13.1&#8243; _module_preset=&#8220;default&#8220; text_orientation=&#8220;center&#8220; module_alignment=&#8220;center&#8220; global_colors_info=&#8220;{}&#8220;]<\/p>\n<h4 style=\"text-align: center\">Gro\u00dfe Bernsteinmakrele<\/h4>\n<p style=\"text-align: center\">Seriola dumerili<\/p>\n<p>[\/et_pb_text][\/et_pb_column][et_pb_column type=&#8220;1_4&#8243; _builder_version=&#8220;4.13.1&#8243; _module_preset=&#8220;default&#8220; global_colors_info=&#8220;{}&#8220;][dipl_floating_image _builder_version=&#8220;4.13.1&#8243; _module_preset=&#8220;default&#8220; height=&#8220;50px&#8220; custom_padding=&#8220;||0px|||&#8220; global_colors_info=&#8220;{}&#8220;][dipl_floating_image_item image=&#8220;http:\/\/globalgrowth.group\/wp-content\/uploads\/2021\/11\/auxis-rochei.png&#8220; _builder_version=&#8220;4.13.1&#8243; _module_preset=&#8220;default&#8220; global_colors_info=&#8220;{}&#8220;][\/dipl_floating_image_item][\/dipl_floating_image][et_pb_text _builder_version=&#8220;4.13.1&#8243; _module_preset=&#8220;default&#8220; text_orientation=&#8220;center&#8220; module_alignment=&#8220;center&#8220; global_colors_info=&#8220;{}&#8220;]<\/p>\n<h4 style=\"text-align: center\">Fregattmakrele<\/h4>\n<p style=\"text-align: center\">Auxis rochei<\/p>\n<p>[\/et_pb_text][\/et_pb_column][et_pb_column type=&#8220;1_4&#8243; _builder_version=&#8220;4.13.1&#8243; _module_preset=&#8220;default&#8220; global_colors_info=&#8220;{}&#8220;][dipl_floating_image _builder_version=&#8220;4.13.1&#8243; _module_preset=&#8220;default&#8220; height=&#8220;50px&#8220; custom_padding=&#8220;||0px|||&#8220; global_colors_info=&#8220;{}&#8220;][dipl_floating_image_item image=&#8220;http:\/\/globalgrowth.group\/wp-content\/uploads\/2021\/11\/xtapodi-1.png&#8220; _builder_version=&#8220;4.13.1&#8243; _module_preset=&#8220;default&#8220; global_colors_info=&#8220;{}&#8220;][\/dipl_floating_image_item][\/dipl_floating_image][et_pb_text _builder_version=&#8220;4.13.1&#8243; _module_preset=&#8220;default&#8220; text_orientation=&#8220;center&#8220; module_alignment=&#8220;center&#8220; global_colors_info=&#8220;{}&#8220;]<\/p>\n<h4 style=\"text-align: center\">Oktopus<\/h4>\n<p style=\"text-align: center\">Octopus vulgaris<\/p>\n<p>[\/et_pb_text][\/et_pb_column][et_pb_column type=&#8220;1_4&#8243; _builder_version=&#8220;4.13.1&#8243; _module_preset=&#8220;default&#8220; global_colors_info=&#8220;{}&#8220;][dipl_floating_image _builder_version=&#8220;4.13.1&#8243; _module_preset=&#8220;default&#8220; height=&#8220;50px&#8220; custom_padding=&#8220;||0px|||&#8220; global_colors_info=&#8220;{}&#8220;][dipl_floating_image_item image=&#8220;http:\/\/globalgrowth.group\/wp-content\/uploads\/2021\/11\/xifias-1.png&#8220; _builder_version=&#8220;4.13.1&#8243; _module_preset=&#8220;default&#8220; global_colors_info=&#8220;{}&#8220;][\/dipl_floating_image_item][\/dipl_floating_image][et_pb_text _builder_version=&#8220;4.13.1&#8243; _module_preset=&#8220;default&#8220; text_orientation=&#8220;center&#8220; module_alignment=&#8220;center&#8220; global_colors_info=&#8220;{}&#8220;]<\/p>\n<h4 style=\"text-align: center\">Schwertfisch<\/h4>\n<p style=\"text-align: center\">Xiphias gladius<\/p>\n<p>[\/et_pb_text][\/et_pb_column][\/et_pb_row][et_pb_row _builder_version=&#8220;4.13.1&#8243; _module_preset=&#8220;default&#8220; background_enable_color=&#8220;off&#8220; min_height=&#8220;146.6px&#8220; custom_padding=&#8220;51px|||||&#8220; global_colors_info=&#8220;{}&#8220;][et_pb_column type=&#8220;4_4&#8243; _builder_version=&#8220;4.12.0&#8243; _module_preset=&#8220;default&#8220; global_colors_info=&#8220;{}&#8220;][et_pb_button button_url=&#8220;@ET-DC@eyJkeW5hbWljIjp0cnVlLCJjb250ZW50IjoicG9zdF9saW5rX3VybF9wYWdlIiwic2V0dGluZ3MiOnsicG9zdF9pZCI6IjgxNyJ9fQ==@&#8220; button_text=&#8220;Holen Sie sich den vollst\u00e4ndigen Katalog&#8220; button_alignment=&#8220;center&#8220; _builder_version=&#8220;4.14.1&#8243; _dynamic_attributes=&#8220;button_url&#8220; _module_preset=&#8220;default&#8220; custom_button=&#8220;on&#8220; button_bg_color=&#8220;#201f54&#8243; button_border_radius=&#8220;100px&#8220; button_letter_spacing=&#8220;1px&#8220; button_font=&#8220;Noto Serif||on||||||&#8220; button_icon=&#8220;&#x35;||divi||400&#8243; button_on_hover=&#8220;off&#8220; background_layout=&#8220;dark&#8220; custom_padding=&#8220;20px|55px|20px|40px|true|false&#8220; animation_style=&#8220;slide&#8220; animation_intensity_slide=&#8220;10%&#8220; box_shadow_style=&#8220;preset1&#8243; box_shadow_blur=&#8220;4px&#8220; global_colors_info=&#8220;{}&#8220; button_letter_spacing__hover_enabled=&#8220;off|desktop&#8220; button_letter_spacing__hover=&#8220;2px&#8220; box_shadow_blur__hover_enabled=&#8220;on|hover&#8220; box_shadow_blur__hover=&#8220;12px&#8220;][\/et_pb_button][\/et_pb_column][\/et_pb_row][\/et_pb_section]<\/p>\n","protected":false},"excerpt":{"rendered":"<p>Wilder Fisch Unser griechischer Fisch* ist sowohl schmackhaft als auch gesund und bringt ein einzigartiges Esserlebnis auf jeden Tisch.Frisch gefischt Die Wildfische des Mittelmeeres sind nicht nur Nahrung. Fisch zu essen ist eine menschliche Gewohnheit, die weit vor der aufgezeichneten Geschichte zur\u00fcckreicht Es ist Teil der Kultur jeder K\u00fcstenzivilisation, die sich in unz\u00e4hligen traditionellen und [&hellip;]<\/p>\n","protected":false},"author":5,"featured_media":0,"parent":0,"menu_order":0,"comment_status":"closed","ping_status":"closed","template":"","meta":{"_et_pb_use_builder":"on","_et_pb_old_content":"","_et_gb_content_width":"","footnotes":"","_joinchat":[]},"_links":{"self":[{"href":"https:\/\/globalgrowth.group\/de\/wp-json\/wp\/v2\/pages\/1705"}],"collection":[{"href":"https:\/\/globalgrowth.group\/de\/wp-json\/wp\/v2\/pages"}],"about":[{"href":"https:\/\/globalgrowth.group\/de\/wp-json\/wp\/v2\/types\/page"}],"author":[{"embeddable":true,"href":"https:\/\/globalgrowth.group\/de\/wp-json\/wp\/v2\/users\/5"}],"replies":[{"embeddable":true,"href":"https:\/\/globalgrowth.group\/de\/wp-json\/wp\/v2\/comments?post=1705"}],"version-history":[{"count":5,"href":"https:\/\/globalgrowth.group\/de\/wp-json\/wp\/v2\/pages\/1705\/revisions"}],"predecessor-version":[{"id":2732,"href":"https:\/\/globalgrowth.group\/de\/wp-json\/wp\/v2\/pages\/1705\/revisions\/2732"}],"wp:attachment":[{"href":"https:\/\/globalgrowth.group\/de\/wp-json\/wp\/v2\/media?parent=1705"}],"curies":[{"name":"wp","href":"https:\/\/api.w.org\/{rel}","templated":true}]}}